{"id":86,"date":"2017-12-18T06:54:30","date_gmt":"2017-12-18T06:54:30","guid":{"rendered":"http:\/\/boutique.solux.sn\/index.php\/produit\/bright-gold-purse-with-chain\/"},"modified":"2025-07-03T10:41:00","modified_gmt":"2025-07-03T10:41:00","slug":"congelateur-182l","status":"publish","type":"product","link":"https:\/\/boutique.solux.sn\/index.php\/produit\/congelateur-182l\/","title":{"rendered":"Cong\u00e9lateur 182L"},"content":{"rendered":"\t\t<div data-elementor-type=\"wp-post\" data-elementor-id=\"86\" class=\"elementor elementor-86\">\n\t\t\t\t\t\t<section class=\"elementor-section elementor-top-section elementor-element elementor-element-a340d82 elementor-section-full_width elementor-section-height-default elementor-section-height-default\" data-id=\"a340d82\" data-element_type=\"section\">\n\t\t\t\t\t\t<div class=\"elementor-container elementor-column-gap-default\">\n\t\t\t\t\t<div class=\"elementor-column elementor-col-100 elementor-top-column elementor-element elementor-element-99b601b\" data-id=\"99b601b\" data-element_type=\"column\">\n\t\t\t<div class=\"elementor-widget-wrap elementor-element-populated\">\n\t\t\t\t\t\t<div class=\"elementor-element elementor-element-e67ff88 elementor-widget elementor-widget-image\" data-id=\"e67ff88\" data-element_type=\"widget\" data-widget_type=\"image.default\">\n\t\t\t\t<div class=\"elementor-widget-container\">\n\t\t\t\t\t\t\t\t\t\t\t\t\t\t\t<img fetchpriority=\"high\" decoding=\"async\" width=\"1600\" height=\"452\" src=\"https:\/\/boutique.solux.sn\/wp-content\/uploads\/2017\/12\/WhatsApp-Image-2023-09-19-at-13.42.04-2.jpeg\" class=\"attachment-full size-full wp-image-5742\" alt=\"\" srcset=\"https:\/\/boutique.solux.sn\/wp-content\/uploads\/2017\/12\/WhatsApp-Image-2023-09-19-at-13.42.04-2.jpeg 1600w, https:\/\/boutique.solux.sn\/wp-content\/uploads\/2017\/12\/WhatsApp-Image-2023-09-19-at-13.42.04-2-600x170.jpeg 600w, https:\/\/boutique.solux.sn\/wp-content\/uploads\/2017\/12\/WhatsApp-Image-2023-09-19-at-13.42.04-2-300x85.jpeg 300w, https:\/\/boutique.solux.sn\/wp-content\/uploads\/2017\/12\/WhatsApp-Image-2023-09-19-at-13.42.04-2-1024x289.jpeg 1024w, https:\/\/boutique.solux.sn\/wp-content\/uploads\/2017\/12\/WhatsApp-Image-2023-09-19-at-13.42.04-2-768x217.jpeg 768w, https:\/\/boutique.solux.sn\/wp-content\/uploads\/2017\/12\/WhatsApp-Image-2023-09-19-at-13.42.04-2-1536x434.jpeg 1536w, https:\/\/boutique.solux.sn\/wp-content\/uploads\/2017\/12\/WhatsApp-Image-2023-09-19-at-13.42.04-2-1320x373.jpeg 1320w\" sizes=\"(max-width: 1600px) 100vw, 1600px\" \/>\t\t\t\t\t\t\t\t\t\t\t\t\t\t\t<\/div>\n\t\t\t\t<\/div>\n\t\t\t\t\t<\/div>\n\t\t<\/div>\n\t\t\t\t\t<\/div>\n\t\t<\/section>\n\t\t\t\t<\/div>\n\t\t","protected":false},"excerpt":{"rendered":"<p style=\"text-align: left;\">Cong\u00e9lateur vertical de classe \u00e9nerg\u00e9tique A. Il est de qualit\u00e9 sup\u00e9rieure et vous permet d&rsquo;optimiser la quantit\u00e9 de produits pour une capacit\u00e9 maximale de 182L. Ce cong\u00e9lateur est dot\u00e9 d&rsquo;une porte, six (06) tiroirs. Ses compartiments amovibles vous permettent de faire un nettoyage en profondeur. Il est id\u00e9al pour une utilisation domestique et commerciale (vente des glaces et cr\u00e8mes).<\/p>\n","protected":false},"featured_media":8685,"template":"elementor_theme","meta":{"_uag_custom_page_level_css":"","site-sidebar-layout":"no-sidebar","site-content-layout":"page-builder","ast-site-content-layout":"default","site-content-style":"default","site-sidebar-style":"unboxed","ast-global-header-display":"","ast-banner-title-visibility":"","ast-main-header-display":"","ast-hfb-above-header-display":"","ast-hfb-below-header-display":"","ast-hfb-mobile-header-display":"","site-post-title":"disabled","ast-breadcrumbs-content":"","ast-featured-img":"disabled","footer-sml-layout":"","theme-transparent-header-meta":"default","adv-header-id-meta":"","stick-header-meta":"default","header-above-stick-meta":"","header-main-stick-meta":"","header-below-stick-meta":"","astra-migrate-meta-layouts":"set","ast-page-background-enabled":"default","ast-page-background-meta":{"desktop":{"background-color":"","background-image":"","background-repeat":"repeat","background-position":"center center","background-size":"auto","background-attachment":"scroll","background-type":"","background-media":"","overlay-type":"","overlay-color":"","overlay-opacity":"","overlay-gradient":""},"tablet":{"background-color":"","background-image":"","background-repeat":"repeat","background-position":"center center","background-size":"auto","background-attachment":"scroll","background-type":"","background-media":"","overlay-type":"","overlay-color":"","overlay-opacity":"","overlay-gradient":""},"mobile":{"background-color":"","background-image":"","background-repeat":"repeat","background-position":"center center","background-size":"auto","background-attachment":"scroll","background-type":"","background-media":"","overlay-type":"","overlay-color":"","overlay-opacity":"","overlay-gradient":""}},"ast-content-background-meta":{"desktop":{"background-color":"var(--ast-global-color-5)","background-image":"","background-repeat":"repeat","background-position":"center center","background-size":"auto","background-attachment":"scroll","background-type":"","background-media":"","overlay-type":"","overlay-color":"","overlay-opacity":"","overlay-gradient":""},"tablet":{"background-color":"var(--ast-global-color-5)","background-image":"","background-repeat":"repeat","background-position":"center center","background-size":"auto","background-attachment":"scroll","background-type":"","background-media":"","overlay-type":"","overlay-color":"","overlay-opacity":"","overlay-gradient":""},"mobile":{"background-color":"var(--ast-global-color-5)","background-image":"","background-repeat":"repeat","background-position":"center center","background-size":"auto","background-attachment":"scroll","background-type":"","background-media":"","overlay-type":"","overlay-color":"","overlay-opacity":"","overlay-gradient":""}}},"product_brand":[],"product_cat":[79],"product_tag":[],"class_list":{"0":"post-86","1":"product","2":"type-product","3":"status-publish","4":"has-post-thumbnail","6":"product_cat-congelateur","7":"desktop-align-left","8":"tablet-align-left","9":"mobile-align-left","10":"ast-product-gallery-layout-vertical","11":"ast-product-gallery-with-no-image","12":"ast-magnify-disabled","13":"ast-product-tabs-layout-accordion","14":"ast-qv-on-image","16":"first","17":"instock","18":"shipping-taxable","19":"product-type-simple"},"spectra_custom_meta":{"total_sales":["31"],"_tax_status":["taxable"],"_manage_stock":["no"],"_backorders":["no"],"_sold_individually":["no"],"_upsell_ids":["a:0:{}"],"_crosssell_ids":["a:0:{}"],"_virtual":["no"],"_downloadable":["no"],"_download_limit":["-1"],"_download_expiry":["-1"],"_stock_status":["instock"],"_product_version":["9.9.3"],"_yoast_wpseo_primary_product_cat":["22"],"site-sidebar-layout":["no-sidebar"],"site-content-layout":["page-builder"],"stick-header-meta":["default"],"theme-transparent-header-meta":["default"],"_yoast_wpseo_content_score":["90"],"_wp_old_slug":["bright-purse-with","bright-purse-with-chain","bright-gold-purse-with-chain"],"_thumbnail_id":["8685"],"_wp_page_template":["elementor_theme"],"_price":[""],"_elementor_edit_mode":["builder"],"_elementor_template_type":["wp-post"],"_elementor_version":["3.29.2"],"_elementor_data":["[{\"id\":\"a340d82\",\"elType\":\"section\",\"settings\":{\"layout\":\"full_width\",\"margin_mobile\":{\"unit\":\"px\",\"top\":\"0\",\"right\":0,\"bottom\":\"0\",\"left\":0,\"isLinked\":true},\"display_condition_list\":[{\"display_condition_login_status\":\"subscriber\",\"_id\":\"e40928a\"}]},\"elements\":[{\"id\":\"99b601b\",\"elType\":\"column\",\"settings\":{\"_column_size\":100,\"_inline_size\":null,\"display_condition_list\":[{\"display_condition_login_status\":\"subscriber\",\"_id\":\"362677a\"}]},\"elements\":[{\"id\":\"e67ff88\",\"elType\":\"widget\",\"settings\":{\"image\":{\"url\":\"https:\\\/\\\/boutique.solux.sn\\\/wp-content\\\/uploads\\\/2017\\\/12\\\/WhatsApp-Image-2023-09-19-at-13.42.04-2.jpeg\",\"id\":5742,\"size\":\"\",\"alt\":\"\",\"source\":\"library\"},\"image_size\":\"full\",\"space_mobile\":{\"unit\":\"%\",\"size\":100,\"sizes\":[]},\"display_condition_list\":[{\"display_condition_login_status\":\"subscriber\",\"_id\":\"dab6cf0\"}]},\"elements\":[],\"widgetType\":\"image\"}],\"isInner\":false}],\"isInner\":false}]"],"_yoast_wpseo_estimated-reading-time-minutes":["2"],"_wxr_import_user_slug":["harshadd"],"_astra_sites_imported_post":["1"],"_astra_sites_enable_for_batch":["1"],"_astra_sites_hotlink_imported":["1"],"_edit_lock":["1751539149:2"],"_last_editor_used_jetpack":["classic-editor"],"_edit_last":["2"],"cartflows_redirect_flow_id":[""],"cartflows_add_to_cart_text":[""],"_tax_class":[""],"_stock":[null],"_wc_average_rating":["0"],"_wc_review_count":["0"],"_astra_content_layout_flag":["disabled"],"site-post-title":["disabled"],"ast-title-bar-display":["disabled"],"ast-featured-img":["disabled"],"_sale_price":[""],"_elementor_controls_usage":["a:3:{s:5:\"image\";a:3:{s:5:\"count\";i:1;s:15:\"control_percent\";i:1;s:8:\"controls\";a:1:{s:7:\"content\";a:1:{s:13:\"section_image\";a:2:{s:5:\"image\";i:1;s:10:\"image_size\";i:1;}}}}s:6:\"column\";a:3:{s:5:\"count\";i:1;s:15:\"control_percent\";i:0;s:8:\"controls\";a:0:{}}s:7:\"section\";a:3:{s:5:\"count\";i:1;s:15:\"control_percent\";i:2;s:8:\"controls\";a:3:{s:6:\"layout\";a:1:{s:14:\"section_layout\";a:2:{s:3:\"gap\";i:1;s:15:\"stretch_section\";i:1;}}s:5:\"style\";a:2:{s:18:\"section_background\";a:2:{s:16:\"background_image\";i:1;s:16:\"background_color\";i:1;}s:26:\"section_background_overlay\";a:1:{s:24:\"background_overlay_color\";i:1;}}s:8:\"advanced\";a:1:{s:16:\"section_advanced\";a:1:{s:7:\"padding\";i:1;}}}}}"],"ast-site-content-layout":["default"],"site-content-style":["default"],"site-sidebar-style":["unboxed"],"astra-migrate-meta-layouts":["set"],"_uag_page_assets":["a:9:{s:3:\"css\";s:263:\".uag-blocks-common-selector{z-index:var(--z-index-desktop) !important}@media (max-width: 976px){.uag-blocks-common-selector{z-index:var(--z-index-tablet) !important}}@media (max-width: 767px){.uag-blocks-common-selector{z-index:var(--z-index-mobile) !important}}\n\";s:2:\"js\";s:0:\"\";s:18:\"current_block_list\";a:15:{i:0;s:11:\"core\/search\";i:1;s:10:\"core\/group\";i:2;s:12:\"core\/heading\";i:3;s:17:\"core\/latest-posts\";i:4;s:20:\"core\/latest-comments\";i:5;s:13:\"core\/archives\";i:6;s:15:\"core\/categories\";i:7;s:26:\"woocommerce\/product-search\";i:8;s:17:\"core\/widget-group\";i:9;s:30:\"woocommerce\/product-categories\";i:10;s:10:\"core\/image\";i:11;s:14:\"core\/separator\";i:12;s:14:\"core\/paragraph\";i:13;s:9:\"core\/list\";i:14;s:14:\"core\/list-item\";}s:8:\"uag_flag\";b:0;s:11:\"uag_version\";s:10:\"1767185035\";s:6:\"gfonts\";a:0:{}s:10:\"gfonts_url\";s:0:\"\";s:12:\"gfonts_files\";a:0:{}s:14:\"uag_faq_layout\";b:0;}"],"_elementor_page_assets":["a:2:{s:6:\"styles\";a:1:{i:0;s:12:\"widget-image\";}s:7:\"scripts\";a:1:{i:0;s:18:\"elementor-frontend\";}}"],"_elementor_css":["a:6:{s:4:\"time\";i:1752939719;s:5:\"fonts\";a:0:{}s:5:\"icons\";a:0:{}s:20:\"dynamic_elements_ids\";a:0:{}s:6:\"status\";s:4:\"file\";i:0;s:0:\"\";}"],"_uag_css_file_name":["uag-css-86.css"]},"uagb_featured_image_src":{"full":["https:\/\/boutique.solux.sn\/wp-content\/uploads\/2017\/12\/image_Page-2_copy_1-removebg-preview.png",500,500,false],"thumbnail":["https:\/\/boutique.solux.sn\/wp-content\/uploads\/2017\/12\/image_Page-2_copy_1-removebg-preview-150x150.png",150,150,true],"medium":["https:\/\/boutique.solux.sn\/wp-content\/uploads\/2017\/12\/image_Page-2_copy_1-removebg-preview-300x300.png",300,300,true],"medium_large":["https:\/\/boutique.solux.sn\/wp-content\/uploads\/2017\/12\/image_Page-2_copy_1-removebg-preview.png",500,500,false],"large":["https:\/\/boutique.solux.sn\/wp-content\/uploads\/2017\/12\/image_Page-2_copy_1-removebg-preview.png",500,500,false],"1536x1536":["https:\/\/boutique.solux.sn\/wp-content\/uploads\/2017\/12\/image_Page-2_copy_1-removebg-preview.png",500,500,false],"2048x2048":["https:\/\/boutique.solux.sn\/wp-content\/uploads\/2017\/12\/image_Page-2_copy_1-removebg-preview.png",500,500,false],"woocommerce_thumbnail":["https:\/\/boutique.solux.sn\/wp-content\/uploads\/2017\/12\/image_Page-2_copy_1-removebg-preview.png",500,500,false],"woocommerce_single":["https:\/\/boutique.solux.sn\/wp-content\/uploads\/2017\/12\/image_Page-2_copy_1-removebg-preview.png",500,500,false],"woocommerce_gallery_thumbnail":["https:\/\/boutique.solux.sn\/wp-content\/uploads\/2017\/12\/image_Page-2_copy_1-removebg-preview-100x100.png",100,100,true]},"uagb_author_info":{"display_name":"adminsolux","author_link":"https:\/\/boutique.solux.sn\/index.php\/author\/"},"uagb_comment_info":0,"uagb_excerpt":"Cong\u00e9lateur vertical de classe \u00e9nerg\u00e9tique A. Il est de qualit\u00e9 sup\u00e9rieure et vous permet d'optimiser la quantit\u00e9 de produits pour une capacit\u00e9 maximale de 182L. Ce cong\u00e9lateur est dot\u00e9 d'une porte, six (06) tiroirs. Ses compartiments amovibles vous permettent de faire un nettoyage en profondeur. Il est id\u00e9al pour une utilisation domestique et commerciale (vente\u2026","_links":{"self":[{"href":"https:\/\/boutique.solux.sn\/index.php\/wp-json\/wp\/v2\/product\/86","targetHints":{"allow":["GET"]}}],"collection":[{"href":"https:\/\/boutique.solux.sn\/index.php\/wp-json\/wp\/v2\/product"}],"about":[{"href":"https:\/\/boutique.solux.sn\/index.php\/wp-json\/wp\/v2\/types\/product"}],"version-history":[{"count":19,"href":"https:\/\/boutique.solux.sn\/index.php\/wp-json\/wp\/v2\/product\/86\/revisions"}],"predecessor-version":[{"id":8790,"href":"https:\/\/boutique.solux.sn\/index.php\/wp-json\/wp\/v2\/product\/86\/revisions\/8790"}],"wp:featuredmedia":[{"embeddable":true,"href":"https:\/\/boutique.solux.sn\/index.php\/wp-json\/wp\/v2\/media\/8685"}],"wp:attachment":[{"href":"https:\/\/boutique.solux.sn\/index.php\/wp-json\/wp\/v2\/media?parent=86"}],"wp:term":[{"taxonomy":"product_brand","embeddable":true,"href":"https:\/\/boutique.solux.sn\/index.php\/wp-json\/wp\/v2\/product_brand?post=86"},{"taxonomy":"product_cat","embeddable":true,"href":"https:\/\/boutique.solux.sn\/index.php\/wp-json\/wp\/v2\/product_cat?post=86"},{"taxonomy":"product_tag","embeddable":true,"href":"https:\/\/boutique.solux.sn\/index.php\/wp-json\/wp\/v2\/product_tag?post=86"}],"curies":[{"name":"wp","href":"https:\/\/api.w.org\/{rel}","templated":true}]}}