{"id":8474,"date":"2024-02-19T10:07:59","date_gmt":"2024-02-19T10:07:59","guid":{"rendered":"https:\/\/boutique.solux.sn\/?post_type=product&#038;p=8474"},"modified":"2025-06-26T12:35:37","modified_gmt":"2025-06-26T12:35:37","slug":"support-de-spot-finition","status":"publish","type":"product","link":"https:\/\/boutique.solux.sn\/index.php\/produit\/support-de-spot-finition\/","title":{"rendered":"support de spot finition"},"content":{"rendered":"<p>support de spot marron, elle prend une ampoule gu10 selon la lumi\u00e8re d\u00e9sir\u00e9e.<\/p>\n","protected":false},"excerpt":{"rendered":"<p>support de spot marron, elle prend une ampoule gu10 selon la lumi\u00e8re d\u00e9sir\u00e9e.<\/p>\n","protected":false},"featured_media":8117,"template":"","meta":{"_uag_custom_page_level_css":"","site-sidebar-layout":"default","site-content-layout":"","ast-site-content-layout":"default","site-content-style":"default","site-sidebar-style":"default","ast-global-header-display":"","ast-banner-title-visibility":"","ast-main-header-display":"","ast-hfb-above-header-display":"","ast-hfb-below-header-display":"","ast-hfb-mobile-header-display":"","site-post-title":"","ast-breadcrumbs-content":"","ast-featured-img":"","footer-sml-layout":"","theme-transparent-header-meta":"default","adv-header-id-meta":"","stick-header-meta":"default","header-above-stick-meta":"","header-main-stick-meta":"","header-below-stick-meta":"","astra-migrate-meta-layouts":"set","ast-page-background-enabled":"default","ast-page-background-meta":{"desktop":{"background-color":"","background-image":"","background-repeat":"repeat","background-position":"center center","background-size":"auto","background-attachment":"scroll","background-type":"","background-media":"","overlay-type":"","overlay-color":"","overlay-opacity":"","overlay-gradient":""},"tablet":{"background-color":"","background-image":"","background-repeat":"repeat","background-position":"center center","background-size":"auto","background-attachment":"scroll","background-type":"","background-media":"","overlay-type":"","overlay-color":"","overlay-opacity":"","overlay-gradient":""},"mobile":{"background-color":"","background-image":"","background-repeat":"repeat","background-position":"center center","background-size":"auto","background-attachment":"scroll","background-type":"","background-media":"","overlay-type":"","overlay-color":"","overlay-opacity":"","overlay-gradient":""}},"ast-content-background-meta":{"desktop":{"background-color":"var(--ast-global-color-5)","background-image":"","background-repeat":"repeat","background-position":"center center","background-size":"auto","background-attachment":"scroll","background-type":"","background-media":"","overlay-type":"","overlay-color":"","overlay-opacity":"","overlay-gradient":""},"tablet":{"background-color":"var(--ast-global-color-5)","background-image":"","background-repeat":"repeat","background-position":"center center","background-size":"auto","background-attachment":"scroll","background-type":"","background-media":"","overlay-type":"","overlay-color":"","overlay-opacity":"","overlay-gradient":""},"mobile":{"background-color":"var(--ast-global-color-5)","background-image":"","background-repeat":"repeat","background-position":"center center","background-size":"auto","background-attachment":"scroll","background-type":"","background-media":"","overlay-type":"","overlay-color":"","overlay-opacity":"","overlay-gradient":""}}},"product_brand":[],"product_cat":[83],"product_tag":[],"class_list":{"0":"post-8474","1":"product","2":"type-product","3":"status-publish","4":"has-post-thumbnail","6":"product_cat-spot","7":"desktop-align-left","8":"tablet-align-left","9":"mobile-align-left","10":"ast-product-gallery-layout-vertical","11":"ast-product-gallery-with-no-image","12":"ast-magnify-disabled","13":"ast-product-tabs-layout-accordion","14":"ast-qv-on-image","16":"first","17":"instock","18":"shipping-taxable","19":"purchasable","20":"product-type-simple"},"spectra_custom_meta":{"_edit_lock":["1750941205:2"],"_edit_last":["2"],"_thumbnail_id":["8117"],"_wp_page_template":["default"],"cartflows_redirect_flow_id":[""],"cartflows_add_to_cart_text":[""],"total_sales":["0"],"_tax_status":["taxable"],"_tax_class":[""],"_manage_stock":["no"],"_backorders":["no"],"_sold_individually":["no"],"_virtual":["no"],"_downloadable":["no"],"_download_limit":["-1"],"_download_expiry":["-1"],"_stock":[null],"_stock_status":["instock"],"_wc_average_rating":["0"],"_wc_review_count":["0"],"_product_version":["9.9.3"],"_regular_price":["4000"],"_price":["4000"],"site-sidebar-layout":["default"],"ast-site-content-layout":["default"],"site-content-style":["default"],"site-sidebar-style":["default"],"theme-transparent-header-meta":["default"],"_wp_old_date":["2025-02-19"],"astra-migrate-meta-layouts":["set"],"stick-header-meta":["default"],"_uag_page_assets":["a:9:{s:3:\"css\";s:263:\".uag-blocks-common-selector{z-index:var(--z-index-desktop) !important}@media (max-width: 976px){.uag-blocks-common-selector{z-index:var(--z-index-tablet) !important}}@media (max-width: 767px){.uag-blocks-common-selector{z-index:var(--z-index-mobile) !important}}\n\";s:2:\"js\";s:0:\"\";s:18:\"current_block_list\";a:15:{i:0;s:11:\"core\/search\";i:1;s:10:\"core\/group\";i:2;s:12:\"core\/heading\";i:3;s:17:\"core\/latest-posts\";i:4;s:20:\"core\/latest-comments\";i:5;s:13:\"core\/archives\";i:6;s:15:\"core\/categories\";i:7;s:26:\"woocommerce\/product-search\";i:8;s:17:\"core\/widget-group\";i:9;s:30:\"woocommerce\/product-categories\";i:10;s:10:\"core\/image\";i:11;s:14:\"core\/separator\";i:12;s:14:\"core\/paragraph\";i:13;s:9:\"core\/list\";i:14;s:14:\"core\/list-item\";}s:8:\"uag_flag\";b:0;s:11:\"uag_version\";s:10:\"1767185035\";s:6:\"gfonts\";a:0:{}s:10:\"gfonts_url\";s:0:\"\";s:12:\"gfonts_files\";a:0:{}s:14:\"uag_faq_layout\";b:0;}"],"_uag_css_file_name":["uag-css-8474.css"]},"uagb_featured_image_src":{"full":["https:\/\/boutique.solux.sn\/wp-content\/uploads\/2023\/10\/469367523_2351920561838941_3668503035855645547_n.jpg",1536,2048,false],"thumbnail":["https:\/\/boutique.solux.sn\/wp-content\/uploads\/2023\/10\/469367523_2351920561838941_3668503035855645547_n-150x150.jpg",150,150,true],"medium":["https:\/\/boutique.solux.sn\/wp-content\/uploads\/2023\/10\/469367523_2351920561838941_3668503035855645547_n-225x300.jpg",225,300,true],"medium_large":["https:\/\/boutique.solux.sn\/wp-content\/uploads\/2023\/10\/469367523_2351920561838941_3668503035855645547_n-768x1024.jpg",768,1024,true],"large":["https:\/\/boutique.solux.sn\/wp-content\/uploads\/2023\/10\/469367523_2351920561838941_3668503035855645547_n-768x1024.jpg",768,1024,true],"1536x1536":["https:\/\/boutique.solux.sn\/wp-content\/uploads\/2023\/10\/469367523_2351920561838941_3668503035855645547_n-1152x1536.jpg",1152,1536,true],"2048x2048":["https:\/\/boutique.solux.sn\/wp-content\/uploads\/2023\/10\/469367523_2351920561838941_3668503035855645547_n.jpg",1536,2048,false],"woocommerce_thumbnail":["https:\/\/boutique.solux.sn\/wp-content\/uploads\/2023\/10\/469367523_2351920561838941_3668503035855645547_n-500x500.jpg",500,500,true],"woocommerce_single":["https:\/\/boutique.solux.sn\/wp-content\/uploads\/2023\/10\/469367523_2351920561838941_3668503035855645547_n-600x800.jpg",600,800,true],"woocommerce_gallery_thumbnail":["https:\/\/boutique.solux.sn\/wp-content\/uploads\/2023\/10\/469367523_2351920561838941_3668503035855645547_n-100x100.jpg",100,100,true]},"uagb_author_info":{"display_name":"Providence Olivia Niati","author_link":"https:\/\/boutique.solux.sn\/index.php\/author\/"},"uagb_comment_info":0,"uagb_excerpt":"support de spot marron, elle prend une ampoule gu10 selon la lumi\u00e8re d\u00e9sir\u00e9e.","_links":{"self":[{"href":"https:\/\/boutique.solux.sn\/index.php\/wp-json\/wp\/v2\/product\/8474","targetHints":{"allow":["GET"]}}],"collection":[{"href":"https:\/\/boutique.solux.sn\/index.php\/wp-json\/wp\/v2\/product"}],"about":[{"href":"https:\/\/boutique.solux.sn\/index.php\/wp-json\/wp\/v2\/types\/product"}],"version-history":[{"count":3,"href":"https:\/\/boutique.solux.sn\/index.php\/wp-json\/wp\/v2\/product\/8474\/revisions"}],"predecessor-version":[{"id":8477,"href":"https:\/\/boutique.solux.sn\/index.php\/wp-json\/wp\/v2\/product\/8474\/revisions\/8477"}],"wp:featuredmedia":[{"embeddable":true,"href":"https:\/\/boutique.solux.sn\/index.php\/wp-json\/wp\/v2\/media\/8117"}],"wp:attachment":[{"href":"https:\/\/boutique.solux.sn\/index.php\/wp-json\/wp\/v2\/media?parent=8474"}],"wp:term":[{"taxonomy":"product_brand","embeddable":true,"href":"https:\/\/boutique.solux.sn\/index.php\/wp-json\/wp\/v2\/product_brand?post=8474"},{"taxonomy":"product_cat","embeddable":true,"href":"https:\/\/boutique.solux.sn\/index.php\/wp-json\/wp\/v2\/product_cat?post=8474"},{"taxonomy":"product_tag","embeddable":true,"href":"https:\/\/boutique.solux.sn\/index.php\/wp-json\/wp\/v2\/product_tag?post=8474"}],"curies":[{"name":"wp","href":"https:\/\/api.w.org\/{rel}","templated":true}]}}