{"id":7751,"date":"2025-01-06T15:15:07","date_gmt":"2025-01-06T15:15:07","guid":{"rendered":"https:\/\/boutique.solux.sn\/?post_type=product&#038;p=7751"},"modified":"2025-07-03T11:00:08","modified_gmt":"2025-07-03T11:00:08","slug":"systeme-de-pompage-10m3-h-2","status":"publish","type":"product","link":"https:\/\/boutique.solux.sn\/index.php\/produit\/systeme-de-pompage-10m3-h-2\/","title":{"rendered":"Syst\u00e8me de pompage 10m3\/h"},"content":{"rendered":"\t\t<div data-elementor-type=\"wp-post\" data-elementor-id=\"7751\" class=\"elementor elementor-7751\">\n\t\t\t\t\t\t<section class=\"elementor-section elementor-top-section elementor-element elementor-element-8a8a644 elementor-section-boxed elementor-section-height-default elementor-section-height-default\" data-id=\"8a8a644\" data-element_type=\"section\">\n\t\t\t\t\t\t<div class=\"elementor-container elementor-column-gap-default\">\n\t\t\t\t\t<div class=\"elementor-column elementor-col-50 elementor-top-column elementor-element elementor-element-273a2ad\" data-id=\"273a2ad\" data-element_type=\"column\">\n\t\t\t<div class=\"elementor-widget-wrap elementor-element-populated\">\n\t\t\t\t\t\t<div class=\"elementor-element elementor-element-a4ac0c1 elementor-widget elementor-widget-spacer\" data-id=\"a4ac0c1\" data-element_type=\"widget\" data-widget_type=\"spacer.default\">\n\t\t\t\t<div class=\"elementor-widget-container\">\n\t\t\t\t\t\t\t<div class=\"elementor-spacer\">\n\t\t\t<div class=\"elementor-spacer-inner\"><\/div>\n\t\t<\/div>\n\t\t\t\t\t\t<\/div>\n\t\t\t\t<\/div>\n\t\t\t\t<div class=\"elementor-element elementor-element-8a10e41 elementor-widget elementor-widget-heading\" data-id=\"8a10e41\" data-element_type=\"widget\" data-widget_type=\"heading.default\">\n\t\t\t\t<div class=\"elementor-widget-container\">\n\t\t\t\t\t<h5 class=\"elementor-heading-title elementor-size-default\">Personnalisez votre syst\u00e8me de Pompage<\/h5>\t\t\t\t<\/div>\n\t\t\t\t<\/div>\n\t\t\t\t<div class=\"elementor-element elementor-element-dfe9ebe elementor-widget elementor-widget-text-editor\" data-id=\"dfe9ebe\" data-element_type=\"widget\" data-widget_type=\"text-editor.default\">\n\t\t\t\t<div class=\"elementor-widget-container\">\n\t\t\t\t\t\t\t\t\t<p>Si ce syst\u00e8me de pompage ne correspond pas \u00e0 votre besoin r\u00e9el, veuillez remplir le formulaire\u00a0 ci-contre afin que nos experts vous fassent un dimensionnement gratuit conforme \u00e0 vos attentes. Apr\u00e8s remplissage, un technico-commercial prendra contact avec vous sous 24h maximum.<\/p>\t\t\t\t\t\t\t\t<\/div>\n\t\t\t\t<\/div>\n\t\t\t\t\t<\/div>\n\t\t<\/div>\n\t\t\t\t<div class=\"elementor-column elementor-col-50 elementor-top-column elementor-element elementor-element-feab815\" data-id=\"feab815\" data-element_type=\"column\">\n\t\t\t<div class=\"elementor-widget-wrap elementor-element-populated\">\n\t\t\t\t\t\t<div class=\"elementor-element elementor-element-0bf1f05 elementor-widget__width-initial elementor-widget elementor-widget-shortcode\" data-id=\"0bf1f05\" data-element_type=\"widget\" data-widget_type=\"shortcode.default\">\n\t\t\t\t<div class=\"elementor-widget-container\">\n\t\t\t\t\t\t\t<div class=\"elementor-shortcode\"><div class=\"wpforms-container \" id=\"wpforms-5463\"><form id=\"wpforms-form-5463\" class=\"wpforms-validate wpforms-form\" data-formid=\"5463\" method=\"post\" enctype=\"multipart\/form-data\" action=\"\/index.php\/wp-json\/wp\/v2\/product\/7751\" data-token=\"e86a5abd0e53ef2d7af8199ce3abe978\" data-token-time=\"1777045559\"><noscript class=\"wpforms-error-noscript\">Veuillez activer JavaScript dans votre navigateur pour remplir ce formulaire.<\/noscript><div class=\"wpforms-field-container\"><div id=\"wpforms-5463-field_0-container\" class=\"wpforms-field wpforms-field-name\" data-field-id=\"0\"><label class=\"wpforms-field-label wpforms-label-hide\" for=\"wpforms-5463-field_0\">Nom <span class=\"wpforms-required-label\">*<\/span><\/label><input type=\"text\" id=\"wpforms-5463-field_0\" class=\"wpforms-field-large wpforms-field-required\" name=\"wpforms[fields][0]\" placeholder=\"Nom\" required><\/div><div id=\"wpforms-5463-field_4-container\" class=\"wpforms-field wpforms-field-email\" data-field-id=\"4\"><label class=\"wpforms-field-label wpforms-label-hide\" for=\"wpforms-5463-field_4\">Adresse mail <span class=\"wpforms-required-label\">*<\/span><\/label><input type=\"email\" id=\"wpforms-5463-field_4\" class=\"wpforms-field-large wpforms-field-required\" name=\"wpforms[fields][4]\" placeholder=\"adresse mail\" spellcheck=\"false\" required><\/div><div id=\"wpforms-5463-field_5-container\" class=\"wpforms-field wpforms-field-text\" data-field-id=\"5\"><label class=\"wpforms-field-label wpforms-label-hide\" for=\"wpforms-5463-field_5\">T\u00e9l\u00e9phone <span class=\"wpforms-required-label\">*<\/span><\/label><input type=\"text\" id=\"wpforms-5463-field_5\" class=\"wpforms-field-large wpforms-field-required\" name=\"wpforms[fields][5]\" placeholder=\"T\u00e9l\u00e9phone\" required><\/div><div id=\"wpforms-5463-field_6-container\" class=\"wpforms-field wpforms-field-text\" data-field-id=\"6\"><label class=\"wpforms-field-label wpforms-label-hide\" for=\"wpforms-5463-field_6\">Source d&#039;eau <span class=\"wpforms-required-label\">*<\/span><\/label><input type=\"text\" id=\"wpforms-5463-field_6\" class=\"wpforms-field-large wpforms-field-required\" name=\"wpforms[fields][6]\" placeholder=\"Source d&#039;eau\" required><\/div><div id=\"wpforms-5463-field_9-container\" class=\"wpforms-field wpforms-field-text\" data-field-id=\"9\"><label class=\"wpforms-field-label wpforms-label-hide\" for=\"wpforms-5463-field_9\">Profondeur de la source d&#039;eau <span class=\"wpforms-required-label\">*<\/span><\/label><input type=\"text\" id=\"wpforms-5463-field_9\" class=\"wpforms-field-large wpforms-field-required\" name=\"wpforms[fields][9]\" placeholder=\"Profondeur de la source d&#039;eau\" required><\/div><div id=\"wpforms-5463-field_7-container\" class=\"wpforms-field wpforms-field-text\" data-field-id=\"7\"><label class=\"wpforms-field-label wpforms-label-hide\" for=\"wpforms-5463-field_7\">Lame d&#039;eau (hauteur de l&#039;eau) <span class=\"wpforms-required-label\">*<\/span><\/label><input type=\"text\" id=\"wpforms-5463-field_7\" class=\"wpforms-field-large wpforms-field-required\" name=\"wpforms[fields][7]\" placeholder=\"Lame d&#039;eau (hauteur de l&#039;eau)\" required><\/div><div id=\"wpforms-5463-field_8-container\" class=\"wpforms-field wpforms-field-text\" data-field-id=\"8\"><label class=\"wpforms-field-label wpforms-label-hide\" for=\"wpforms-5463-field_8\">Type d&#039;utilisation <span class=\"wpforms-required-label\">*<\/span><\/label><input type=\"text\" id=\"wpforms-5463-field_8\" class=\"wpforms-field-large wpforms-field-required\" name=\"wpforms[fields][8]\" placeholder=\"Type d&#039;utilisation\" required><\/div><div id=\"wpforms-5463-field_10-container\" class=\"wpforms-field wpforms-field-text\" data-field-id=\"10\"><label class=\"wpforms-field-label wpforms-label-hide\" for=\"wpforms-5463-field_10\">Type d&#039;arrosage <span class=\"wpforms-required-label\">*<\/span><\/label><input type=\"text\" id=\"wpforms-5463-field_10\" class=\"wpforms-field-large wpforms-field-required\" name=\"wpforms[fields][10]\" placeholder=\"Type d&#039;arrosage\" required><\/div><\/div><!-- .wpforms-field-container --><div class=\"wpforms-field wpforms-field-hp\"><label for=\"wpforms-5463-field-hp\" class=\"wpforms-field-label\">Phone<\/label><input type=\"text\" name=\"wpforms[hp]\" id=\"wpforms-5463-field-hp\" class=\"wpforms-field-medium\"><\/div><div class=\"wpforms-submit-container\" ><input type=\"hidden\" name=\"wpforms[id]\" value=\"5463\"><input type=\"hidden\" name=\"page_title\" value=\"\"><input type=\"hidden\" name=\"page_url\" value=\"https:\/\/boutique.solux.sn\/index.php\/wp-json\/wp\/v2\/product\/7751\"><input type=\"hidden\" name=\"url_referer\" value=\"\"><button type=\"submit\" name=\"wpforms[submit]\" id=\"wpforms-submit-5463\" class=\"wpforms-submit\" data-alt-text=\"Envoi...\" data-submit-text=\"Envoyer\" aria-live=\"assertive\" value=\"wpforms-submit\">Envoyer<\/button><\/div><\/form><\/div>  <!-- .wpforms-container --><\/div>\n\t\t\t\t\t\t<\/div>\n\t\t\t\t<\/div>\n\t\t\t\t\t<\/div>\n\t\t<\/div>\n\t\t\t\t\t<\/div>\n\t\t<\/section>\n\t\t\t\t<\/div>\n\t\t","protected":false},"excerpt":{"rendered":"<p>Ce syst\u00e8me de pompage a une capacit\u00e9 \u00e9lev\u00e9e. Il est idoine pour les applications qui exigent un d\u00e9bit d&rsquo;eau relativement important. On l&rsquo;utilise g\u00e9n\u00e9ralement pour l&rsquo;irrigation agricole \u00e0 surface relativement grande (surface allant de 0,8ha \u00e0 1,5ha), l&rsquo;approvisionnement en eau pour les communaut\u00e9s, le transfert d&rsquo;eau entres r\u00e9servoirs, les applications industrielles et tout autre besoin en eau identique.<\/p>\n","protected":false},"featured_media":8669,"template":"elementor_theme","meta":{"_uag_custom_page_level_css":"","site-sidebar-layout":"no-sidebar","site-content-layout":"page-builder","ast-site-content-layout":"default","site-content-style":"default","site-sidebar-style":"default","ast-global-header-display":"","ast-banner-title-visibility":"","ast-main-header-display":"","ast-hfb-above-header-display":"","ast-hfb-below-header-display":"","ast-hfb-mobile-header-display":"","site-post-title":"","ast-breadcrumbs-content":"","ast-featured-img":"","footer-sml-layout":"","theme-transparent-header-meta":"default","adv-header-id-meta":"","stick-header-meta":"default","header-above-stick-meta":"","header-main-stick-meta":"","header-below-stick-meta":"","astra-migrate-meta-layouts":"set","ast-page-background-enabled":"default","ast-page-background-meta":{"desktop":{"background-color":"","background-image":"","background-repeat":"repeat","background-position":"center center","background-size":"auto","background-attachment":"scroll","background-type":"","background-media":"","overlay-type":"","overlay-color":"","overlay-opacity":"","overlay-gradient":""},"tablet":{"background-color":"","background-image":"","background-repeat":"repeat","background-position":"center center","background-size":"auto","background-attachment":"scroll","background-type":"","background-media":"","overlay-type":"","overlay-color":"","overlay-opacity":"","overlay-gradient":""},"mobile":{"background-color":"","background-image":"","background-repeat":"repeat","background-position":"center center","background-size":"auto","background-attachment":"scroll","background-type":"","background-media":"","overlay-type":"","overlay-color":"","overlay-opacity":"","overlay-gradient":""}},"ast-content-background-meta":{"desktop":{"background-color":"var(--ast-global-color-5)","background-image":"","background-repeat":"repeat","background-position":"center center","background-size":"auto","background-attachment":"scroll","background-type":"","background-media":"","overlay-type":"","overlay-color":"","overlay-opacity":"","overlay-gradient":""},"tablet":{"background-color":"var(--ast-global-color-5)","background-image":"","background-repeat":"repeat","background-position":"center center","background-size":"auto","background-attachment":"scroll","background-type":"","background-media":"","overlay-type":"","overlay-color":"","overlay-opacity":"","overlay-gradient":""},"mobile":{"background-color":"var(--ast-global-color-5)","background-image":"","background-repeat":"repeat","background-position":"center center","background-size":"auto","background-attachment":"scroll","background-type":"","background-media":"","overlay-type":"","overlay-color":"","overlay-opacity":"","overlay-gradient":""}}},"product_brand":[],"product_cat":[125,63],"product_tag":[],"class_list":{"0":"post-7751","1":"product","2":"type-product","3":"status-publish","4":"has-post-thumbnail","6":"product_cat-solaires","7":"product_cat-systemes-de-pompages-solaires","8":"desktop-align-left","9":"tablet-align-left","10":"mobile-align-left","11":"ast-product-gallery-layout-vertical","12":"ast-product-gallery-with-no-image","13":"ast-magnify-disabled","14":"ast-product-tabs-layout-accordion","15":"ast-qv-on-image","17":"first","18":"instock","19":"shipping-taxable","20":"product-type-simple"},"spectra_custom_meta":{"total_sales":["0"],"_tax_status":["taxable"],"_tax_class":[""],"_manage_stock":["no"],"_backorders":["no"],"_sold_individually":["no"],"_virtual":["no"],"_downloadable":["no"],"_download_limit":["-1"],"_download_expiry":["4"],"_thumbnail_id":["8669"],"_stock":[null],"_stock_status":["instock"],"_wc_average_rating":["0"],"_wc_review_count":["0"],"_downloadable_files":["a:1:{s:36:\"515ed582-69ec-4d83-b54c-09f3118aa8b9\";a:4:{s:2:\"id\";s:36:\"515ed582-69ec-4d83-b54c-09f3118aa8b9\";s:4:\"name\";s:15:\"Fiche technique\";s:4:\"file\";s:113:\"https:\/\/boutique.solux.sn\/wp-content\/uploads\/woocommerce_uploads\/2024\/12\/BILAN-DEP.-INFORMATIQUE-SOLUX-riv9hs.pdf\";s:7:\"enabled\";b:1;}}"],"_product_attributes":["a:2:{s:22:\"debit-max-en-m%c2%b3-h\";a:6:{s:4:\"name\";s:19:\"D\u00e9bit max en m\u00b3\/h\";s:5:\"value\";s:8:\"16 m\u00b3\/h\";s:8:\"position\";i:0;s:10:\"is_visible\";i:1;s:12:\"is_variation\";i:0;s:11:\"is_taxonomy\";i:0;}s:12:\"hmt-max-en-m\";a:6:{s:4:\"name\";s:12:\"HMT max en m\";s:5:\"value\";s:2:\"95\";s:8:\"position\";i:1;s:10:\"is_visible\";i:1;s:12:\"is_variation\";i:0;s:11:\"is_taxonomy\";i:0;}}"],"_product_version":["9.9.3"],"_wp_page_template":["elementor_theme"],"cartflows_redirect_flow_id":[""],"cartflows_add_to_cart_text":["Ajouter au Panier"],"_wc_pinterest_condition":["new"],"site-sidebar-layout":["no-sidebar"],"ast-site-content-layout":["default"],"site-content-style":["default"],"site-sidebar-style":["default"],"theme-transparent-header-meta":["default"],"_g_feedback_shortcode_dad343ba9af9f5a39e950022760c1f843114f958":["[contact-field label=\"Nom\" type=\"name\"  required=\"true\" \/][contact-field label=\"E-mail\" type=\"email\" required=\"true\" \/][contact-field label=\"Site web\" type=\"url\" \/][contact-field label=\"Message\" type=\"textarea\" \/]"],"_g_feedback_shortcode_atts_dad343ba9af9f5a39e950022760c1f843114f958":["a:17:{s:2:\"to\";s:16:\"joesarr@solux.sn\";s:7:\"subject\";s:36:\"[Boutique-Solux] Offre Solaire Basic\";s:12:\"show_subject\";s:2:\"no\";s:6:\"widget\";i:0;s:14:\"block_template\";N;s:19:\"block_template_part\";N;s:2:\"id\";i:7481;s:18:\"submit_button_text\";s:7:\"Envoyer\";s:14:\"customThankyou\";s:0:\"\";s:21:\"customThankyouHeading\";s:29:\"Votre message a \u00e9t\u00e9 envoy\u00e9\";s:21:\"customThankyouMessage\";s:30:\"Merci pour votre soumission\u00a0!\";s:22:\"customThankyouRedirect\";s:0:\"\";s:10:\"jetpackCRM\";b:1;s:9:\"className\";N;s:9:\"postToUrl\";N;s:14:\"salesforceData\";N;s:12:\"hiddenFields\";N;}"],"_elementor_edit_mode":["builder"],"_elementor_template_type":["wp-post"],"_elementor_version":["3.29.2"],"_astra_content_layout_flag":["disabled"],"ast-title-bar-display":["disabled"],"site-content-layout":["page-builder"],"_elementor_data":["[{\"id\":\"8a8a644\",\"elType\":\"section\",\"settings\":{\"structure\":\"20\",\"display_condition_list\":[{\"display_condition_login_status\":\"subscriber\",\"_id\":\"358c68f\"}]},\"elements\":[{\"id\":\"273a2ad\",\"elType\":\"column\",\"settings\":{\"_column_size\":50,\"_inline_size\":45.152,\"display_condition_list\":[{\"display_condition_login_status\":\"subscriber\",\"_id\":\"d6a5f9a\"}]},\"elements\":[{\"id\":\"a4ac0c1\",\"elType\":\"widget\",\"settings\":{\"space\":{\"unit\":\"px\",\"size\":10,\"sizes\":[]},\"display_condition_list\":[{\"display_condition_login_status\":\"subscriber\",\"_id\":\"2daf41b\"}]},\"elements\":[],\"widgetType\":\"spacer\"},{\"id\":\"8a10e41\",\"elType\":\"widget\",\"settings\":{\"title\":\"Personnalisez votre syst\\u00e8me de Pompage\",\"align\":\"center\",\"__globals__\":{\"title_color\":\"globals\\\/colors?id=astglobalcolor0\"},\"header_size\":\"h5\",\"typography_typography\":\"custom\",\"typography_font_size\":{\"unit\":\"px\",\"size\":20,\"sizes\":[]},\"typography_font_weight\":\"700\",\"display_condition_list\":[{\"display_condition_login_status\":\"subscriber\",\"_id\":\"e5c8f18\"}]},\"elements\":[],\"widgetType\":\"heading\"},{\"id\":\"dfe9ebe\",\"elType\":\"widget\",\"settings\":{\"editor\":\"<p>Si ce syst\\u00e8me de pompage ne correspond pas \\u00e0 votre besoin r\\u00e9el, veuillez remplir le formulaire\\u00a0 ci-contre afin que nos experts vous fassent un dimensionnement gratuit conforme \\u00e0 vos attentes. Apr\\u00e8s remplissage, un technico-commercial prendra contact avec vous sous 24h maximum.<\\\/p>\",\"align\":\"center\",\"typography_typography\":\"custom\",\"typography_font_size\":{\"unit\":\"px\",\"size\":12,\"sizes\":[]},\"display_condition_list\":[{\"display_condition_login_status\":\"subscriber\",\"_id\":\"e34c9e5\"}]},\"elements\":[],\"widgetType\":\"text-editor\"}],\"isInner\":false},{\"id\":\"feab815\",\"elType\":\"column\",\"settings\":{\"_column_size\":50,\"_inline_size\":54.75,\"display_condition_list\":[{\"display_condition_login_status\":\"subscriber\",\"_id\":\"2ac74d3\"}]},\"elements\":[{\"id\":\"0bf1f05\",\"elType\":\"widget\",\"settings\":{\"shortcode\":\"[wpforms id=\\\"5463\\\"]\",\"_element_width\":\"initial\",\"_element_custom_width\":{\"unit\":\"%\",\"size\":120.906},\"display_condition_list\":[{\"display_condition_login_status\":\"subscriber\",\"_id\":\"66ae10a\"}]},\"elements\":[],\"widgetType\":\"shortcode\"}],\"isInner\":false}],\"isInner\":false}]"],"_edit_lock":["1751540422:2"],"_edit_last":["2"],"_price":[""],"_sale_price":[""],"astra-migrate-meta-layouts":["set"],"stick-header-meta":["default"],"_uag_page_assets":["a:9:{s:3:\"css\";s:263:\".uag-blocks-common-selector{z-index:var(--z-index-desktop) !important}@media (max-width: 976px){.uag-blocks-common-selector{z-index:var(--z-index-tablet) !important}}@media (max-width: 767px){.uag-blocks-common-selector{z-index:var(--z-index-mobile) !important}}\n\";s:2:\"js\";s:0:\"\";s:18:\"current_block_list\";a:15:{i:0;s:11:\"core\/search\";i:1;s:10:\"core\/group\";i:2;s:12:\"core\/heading\";i:3;s:17:\"core\/latest-posts\";i:4;s:20:\"core\/latest-comments\";i:5;s:13:\"core\/archives\";i:6;s:15:\"core\/categories\";i:7;s:26:\"woocommerce\/product-search\";i:8;s:17:\"core\/widget-group\";i:9;s:30:\"woocommerce\/product-categories\";i:10;s:10:\"core\/image\";i:11;s:14:\"core\/separator\";i:12;s:14:\"core\/paragraph\";i:13;s:9:\"core\/list\";i:14;s:14:\"core\/list-item\";}s:8:\"uag_flag\";b:0;s:11:\"uag_version\";s:10:\"1767185035\";s:6:\"gfonts\";a:0:{}s:10:\"gfonts_url\";s:0:\"\";s:12:\"gfonts_files\";a:0:{}s:14:\"uag_faq_layout\";b:0;}"],"_elementor_page_assets":["a:2:{s:6:\"styles\";a:2:{i:0;s:13:\"widget-spacer\";i:1;s:14:\"widget-heading\";}s:7:\"scripts\";a:1:{i:0;s:18:\"elementor-frontend\";}}"],"_elementor_css":["a:6:{s:4:\"time\";i:1753003350;s:5:\"fonts\";a:0:{}s:5:\"icons\";a:0:{}s:20:\"dynamic_elements_ids\";a:0:{}s:6:\"status\";s:4:\"file\";i:0;s:0:\"\";}"],"_uag_css_file_name":["uag-css-7751.css"]},"uagb_featured_image_src":{"full":["https:\/\/boutique.solux.sn\/wp-content\/uploads\/2023\/08\/Frame_1038-removebg-preview.png",500,500,false],"thumbnail":["https:\/\/boutique.solux.sn\/wp-content\/uploads\/2023\/08\/Frame_1038-removebg-preview-150x150.png",150,150,true],"medium":["https:\/\/boutique.solux.sn\/wp-content\/uploads\/2023\/08\/Frame_1038-removebg-preview-300x300.png",300,300,true],"medium_large":["https:\/\/boutique.solux.sn\/wp-content\/uploads\/2023\/08\/Frame_1038-removebg-preview.png",500,500,false],"large":["https:\/\/boutique.solux.sn\/wp-content\/uploads\/2023\/08\/Frame_1038-removebg-preview.png",500,500,false],"1536x1536":["https:\/\/boutique.solux.sn\/wp-content\/uploads\/2023\/08\/Frame_1038-removebg-preview.png",500,500,false],"2048x2048":["https:\/\/boutique.solux.sn\/wp-content\/uploads\/2023\/08\/Frame_1038-removebg-preview.png",500,500,false],"woocommerce_thumbnail":["https:\/\/boutique.solux.sn\/wp-content\/uploads\/2023\/08\/Frame_1038-removebg-preview.png",500,500,false],"woocommerce_single":["https:\/\/boutique.solux.sn\/wp-content\/uploads\/2023\/08\/Frame_1038-removebg-preview.png",500,500,false],"woocommerce_gallery_thumbnail":["https:\/\/boutique.solux.sn\/wp-content\/uploads\/2023\/08\/Frame_1038-removebg-preview-100x100.png",100,100,true]},"uagb_author_info":{"display_name":"Joseph SARR","author_link":"https:\/\/boutique.solux.sn\/index.php\/author\/"},"uagb_comment_info":0,"uagb_excerpt":"Ce syst\u00e8me de pompage a une capacit\u00e9 \u00e9lev\u00e9e. Il est idoine pour les applications qui exigent un d\u00e9bit d'eau relativement important. On l'utilise g\u00e9n\u00e9ralement pour l'irrigation agricole \u00e0 surface relativement grande (surface allant de 0,8ha \u00e0 1,5ha), l'approvisionnement en eau pour les communaut\u00e9s, le transfert d'eau entres r\u00e9servoirs, les applications industrielles et tout autre besoin\u2026","_links":{"self":[{"href":"https:\/\/boutique.solux.sn\/index.php\/wp-json\/wp\/v2\/product\/7751","targetHints":{"allow":["GET"]}}],"collection":[{"href":"https:\/\/boutique.solux.sn\/index.php\/wp-json\/wp\/v2\/product"}],"about":[{"href":"https:\/\/boutique.solux.sn\/index.php\/wp-json\/wp\/v2\/types\/product"}],"version-history":[{"count":5,"href":"https:\/\/boutique.solux.sn\/index.php\/wp-json\/wp\/v2\/product\/7751\/revisions"}],"predecessor-version":[{"id":8798,"href":"https:\/\/boutique.solux.sn\/index.php\/wp-json\/wp\/v2\/product\/7751\/revisions\/8798"}],"wp:featuredmedia":[{"embeddable":true,"href":"https:\/\/boutique.solux.sn\/index.php\/wp-json\/wp\/v2\/media\/8669"}],"wp:attachment":[{"href":"https:\/\/boutique.solux.sn\/index.php\/wp-json\/wp\/v2\/media?parent=7751"}],"wp:term":[{"taxonomy":"product_brand","embeddable":true,"href":"https:\/\/boutique.solux.sn\/index.php\/wp-json\/wp\/v2\/product_brand?post=7751"},{"taxonomy":"product_cat","embeddable":true,"href":"https:\/\/boutique.solux.sn\/index.php\/wp-json\/wp\/v2\/product_cat?post=7751"},{"taxonomy":"product_tag","embeddable":true,"href":"https:\/\/boutique.solux.sn\/index.php\/wp-json\/wp\/v2\/product_tag?post=7751"}],"curies":[{"name":"wp","href":"https:\/\/api.w.org\/{rel}","templated":true}]}}