{"id":6377,"date":"2023-12-21T17:13:09","date_gmt":"2023-12-21T17:13:09","guid":{"rendered":"https:\/\/boutique.solux.sn\/?post_type=product&#038;p=6377"},"modified":"2025-07-01T16:40:33","modified_gmt":"2025-07-01T16:40:33","slug":"baladeuse-a-armature-metall-et-diffuseur-en-verreclasse-ii-stl-03","status":"publish","type":"product","link":"https:\/\/boutique.solux.sn\/index.php\/produit\/baladeuse-a-armature-metall-et-diffuseur-en-verreclasse-ii-stl-03\/","title":{"rendered":"Baladeuse a armature m\u00e9tall. et diffuseur en verre,classe II &#8211; STL-03"},"content":{"rendered":"<div class=\"col-sm-6\">\n<div class=\"row\">\n<ul>\n<li class=\"col-xs-8 etim-feature-name\">source lumineuse: autre<\/li>\n<li class=\"col-xs-8 etim-feature-name\">tension nominale (Un): 220\u00a0 -240\u00a0 V<\/li>\n<li class=\"col-xs-8 etim-feature-name\">avec interrupteur: Non<\/li>\n<li class=\"col-xs-8 etim-feature-name\">avec cordon de raccordement et prise: Oui<\/li>\n<li class=\"col-xs-8 etim-feature-name\">classe d`efficience \u00e9nerg\u00e9tique de la lampe int\u00e9gr\u00e9e: autre<\/li>\n<li class=\"col-xs-8 etim-feature-name\">indice de protection (IP): IP20<\/li>\n<li class=\"col-xs-8 etim-feature-name\">classe de protection: II<\/li>\n<li class=\"col-xs-8 etim-feature-name\">puissance du syst\u00e8me: 60\u00a0 W<\/li>\n<li class=\"col-xs-8 etim-feature-name\">couleur de la lumi\u00e8re: autre<\/li>\n<li class=\"col-xs-8 etim-feature-name\">temp\u00e9rature de couleur: 6 000\u00a0 -6 500\u00a0 K<\/li>\n<li class=\"col-xs-8 etim-feature-name\">indice de rendu des couleurs CRI: 70-79<\/li>\n<li class=\"col-xs-8 etim-feature-name\">largeur: 150\u00a0 mm<\/li>\n<li class=\"col-xs-8 etim-feature-name\">hauteur\/profondeur: 150\u00a0 mm<\/li>\n<li class=\"col-xs-8 etim-feature-name\">longueur: 5 020\u00a0 mm<\/li>\n<\/ul>\n<\/div>\n<\/div>\n","protected":false},"excerpt":{"rendered":"<p>source lumineuse: autre tension nominale (Un): 220\u00a0 -240\u00a0 V avec interrupteur: Non avec cordon de raccordement et prise: Oui classe d`efficience \u00e9nerg\u00e9tique de la lampe int\u00e9gr\u00e9e: autre indice de protection (IP): IP20 classe de protection: II puissance du syst\u00e8me: 60\u00a0 W couleur de la lumi\u00e8re: autre temp\u00e9rature de couleur: 6 000\u00a0 -6 500\u00a0 K indice [&hellip;]<\/p>\n","protected":false},"featured_media":8733,"template":"","meta":{"_uag_custom_page_level_css":"","site-sidebar-layout":"default","site-content-layout":"default","ast-site-content-layout":"default","site-content-style":"default","site-sidebar-style":"default","ast-global-header-display":"","ast-banner-title-visibility":"","ast-main-header-display":"","ast-hfb-above-header-display":"","ast-hfb-below-header-display":"","ast-hfb-mobile-header-display":"","site-post-title":"","ast-breadcrumbs-content":"","ast-featured-img":"","footer-sml-layout":"","theme-transparent-header-meta":"default","adv-header-id-meta":"","stick-header-meta":"default","header-above-stick-meta":"","header-main-stick-meta":"","header-below-stick-meta":"","astra-migrate-meta-layouts":"set","ast-page-background-enabled":"default","ast-page-background-meta":{"desktop":{"background-color":"","background-image":"","background-repeat":"repeat","background-position":"center center","background-size":"auto","background-attachment":"scroll","background-type":"","background-media":"","overlay-type":"","overlay-color":"","overlay-opacity":"","overlay-gradient":""},"tablet":{"background-color":"","background-image":"","background-repeat":"repeat","background-position":"center center","background-size":"auto","background-attachment":"scroll","background-type":"","background-media":"","overlay-type":"","overlay-color":"","overlay-opacity":"","overlay-gradient":""},"mobile":{"background-color":"","background-image":"","background-repeat":"repeat","background-position":"center center","background-size":"auto","background-attachment":"scroll","background-type":"","background-media":"","overlay-type":"","overlay-color":"","overlay-opacity":"","overlay-gradient":""}},"ast-content-background-meta":{"desktop":{"background-color":"var(--ast-global-color-5)","background-image":"","background-repeat":"repeat","background-position":"center center","background-size":"auto","background-attachment":"scroll","background-type":"","background-media":"","overlay-type":"","overlay-color":"","overlay-opacity":"","overlay-gradient":""},"tablet":{"background-color":"var(--ast-global-color-5)","background-image":"","background-repeat":"repeat","background-position":"center center","background-size":"auto","background-attachment":"scroll","background-type":"","background-media":"","overlay-type":"","overlay-color":"","overlay-opacity":"","overlay-gradient":""},"mobile":{"background-color":"var(--ast-global-color-5)","background-image":"","background-repeat":"repeat","background-position":"center center","background-size":"auto","background-attachment":"scroll","background-type":"","background-media":"","overlay-type":"","overlay-color":"","overlay-opacity":"","overlay-gradient":""}}},"product_brand":[],"product_cat":[80,87],"product_tag":[],"class_list":{"0":"post-6377","1":"product","2":"type-product","3":"status-publish","4":"has-post-thumbnail","6":"product_cat-luminaires","7":"product_cat-torches","8":"desktop-align-left","9":"tablet-align-left","10":"mobile-align-left","11":"ast-product-gallery-layout-vertical","12":"ast-product-gallery-with-no-image","13":"ast-magnify-disabled","14":"ast-product-tabs-layout-accordion","15":"ast-qv-on-image","17":"first","18":"instock","19":"sale","20":"shipping-taxable","21":"purchasable","22":"product-type-simple"},"spectra_custom_meta":{"_last_editor_used_jetpack":["classic-editor"],"_edit_lock":["1751387907:2"],"_edit_last":["2"],"_thumbnail_id":["8733"],"_wp_page_template":["default"],"cartflows_redirect_flow_id":[""],"cartflows_add_to_cart_text":[""],"total_sales":["0"],"_tax_status":["taxable"],"_tax_class":[""],"_manage_stock":["no"],"_backorders":["no"],"_sold_individually":["no"],"_virtual":["no"],"_downloadable":["no"],"_download_limit":["-1"],"_download_expiry":["-1"],"_stock":[null],"_stock_status":["instock"],"_wc_average_rating":["0"],"_wc_review_count":["0"],"_product_version":["9.9.3"],"_regular_price":["15500"],"_price":["4650"],"site-sidebar-layout":["default"],"site-content-layout":["default"],"theme-transparent-header-meta":["default"],"_sale_price":["4650"],"ast-site-content-layout":["default"],"site-content-style":["default"],"site-sidebar-style":["default"],"astra-migrate-meta-layouts":["set"],"stick-header-meta":["default"],"_uag_page_assets":["a:9:{s:3:\"css\";s:263:\".uag-blocks-common-selector{z-index:var(--z-index-desktop) !important}@media (max-width: 976px){.uag-blocks-common-selector{z-index:var(--z-index-tablet) !important}}@media (max-width: 767px){.uag-blocks-common-selector{z-index:var(--z-index-mobile) !important}}\n\";s:2:\"js\";s:0:\"\";s:18:\"current_block_list\";a:15:{i:0;s:11:\"core\/search\";i:1;s:10:\"core\/group\";i:2;s:12:\"core\/heading\";i:3;s:17:\"core\/latest-posts\";i:4;s:20:\"core\/latest-comments\";i:5;s:13:\"core\/archives\";i:6;s:15:\"core\/categories\";i:7;s:26:\"woocommerce\/product-search\";i:8;s:17:\"core\/widget-group\";i:9;s:30:\"woocommerce\/product-categories\";i:10;s:10:\"core\/image\";i:11;s:14:\"core\/separator\";i:12;s:14:\"core\/paragraph\";i:13;s:9:\"core\/list\";i:14;s:14:\"core\/list-item\";}s:8:\"uag_flag\";b:0;s:11:\"uag_version\";s:10:\"1767185035\";s:6:\"gfonts\";a:0:{}s:10:\"gfonts_url\";s:0:\"\";s:12:\"gfonts_files\";a:0:{}s:14:\"uag_faq_layout\";b:0;}"],"_uag_css_file_name":["uag-css-6377.css"]},"uagb_featured_image_src":{"full":["https:\/\/boutique.solux.sn\/wp-content\/uploads\/2023\/12\/STL-04_portal_list_230x180-removebg-preview-removebg-preview.png",300,300,false],"thumbnail":["https:\/\/boutique.solux.sn\/wp-content\/uploads\/2023\/12\/STL-04_portal_list_230x180-removebg-preview-removebg-preview-150x150.png",150,150,true],"medium":["https:\/\/boutique.solux.sn\/wp-content\/uploads\/2023\/12\/STL-04_portal_list_230x180-removebg-preview-removebg-preview.png",300,300,false],"medium_large":["https:\/\/boutique.solux.sn\/wp-content\/uploads\/2023\/12\/STL-04_portal_list_230x180-removebg-preview-removebg-preview.png",300,300,false],"large":["https:\/\/boutique.solux.sn\/wp-content\/uploads\/2023\/12\/STL-04_portal_list_230x180-removebg-preview-removebg-preview.png",300,300,false],"1536x1536":["https:\/\/boutique.solux.sn\/wp-content\/uploads\/2023\/12\/STL-04_portal_list_230x180-removebg-preview-removebg-preview.png",300,300,false],"2048x2048":["https:\/\/boutique.solux.sn\/wp-content\/uploads\/2023\/12\/STL-04_portal_list_230x180-removebg-preview-removebg-preview.png",300,300,false],"woocommerce_thumbnail":["https:\/\/boutique.solux.sn\/wp-content\/uploads\/2023\/12\/STL-04_portal_list_230x180-removebg-preview-removebg-preview.png",300,300,false],"woocommerce_single":["https:\/\/boutique.solux.sn\/wp-content\/uploads\/2023\/12\/STL-04_portal_list_230x180-removebg-preview-removebg-preview.png",300,300,false],"woocommerce_gallery_thumbnail":["https:\/\/boutique.solux.sn\/wp-content\/uploads\/2023\/12\/STL-04_portal_list_230x180-removebg-preview-removebg-preview-100x100.png",100,100,true]},"uagb_author_info":{"display_name":"adminsolux","author_link":"https:\/\/boutique.solux.sn\/index.php\/author\/"},"uagb_comment_info":0,"uagb_excerpt":"source lumineuse: autre tension nominale (Un): 220\u00a0 -240\u00a0 V avec interrupteur: Non avec cordon de raccordement et prise: Oui classe d`efficience \u00e9nerg\u00e9tique de la lampe int\u00e9gr\u00e9e: autre indice de protection (IP): IP20 classe de protection: II puissance du syst\u00e8me: 60\u00a0 W couleur de la lumi\u00e8re: autre temp\u00e9rature de couleur: 6 000\u00a0 -6 500\u00a0 K indice\u2026","_links":{"self":[{"href":"https:\/\/boutique.solux.sn\/index.php\/wp-json\/wp\/v2\/product\/6377","targetHints":{"allow":["GET"]}}],"collection":[{"href":"https:\/\/boutique.solux.sn\/index.php\/wp-json\/wp\/v2\/product"}],"about":[{"href":"https:\/\/boutique.solux.sn\/index.php\/wp-json\/wp\/v2\/types\/product"}],"version-history":[{"count":1,"href":"https:\/\/boutique.solux.sn\/index.php\/wp-json\/wp\/v2\/product\/6377\/revisions"}],"predecessor-version":[{"id":6380,"href":"https:\/\/boutique.solux.sn\/index.php\/wp-json\/wp\/v2\/product\/6377\/revisions\/6380"}],"wp:featuredmedia":[{"embeddable":true,"href":"https:\/\/boutique.solux.sn\/index.php\/wp-json\/wp\/v2\/media\/8733"}],"wp:attachment":[{"href":"https:\/\/boutique.solux.sn\/index.php\/wp-json\/wp\/v2\/media?parent=6377"}],"wp:term":[{"taxonomy":"product_brand","embeddable":true,"href":"https:\/\/boutique.solux.sn\/index.php\/wp-json\/wp\/v2\/product_brand?post=6377"},{"taxonomy":"product_cat","embeddable":true,"href":"https:\/\/boutique.solux.sn\/index.php\/wp-json\/wp\/v2\/product_cat?post=6377"},{"taxonomy":"product_tag","embeddable":true,"href":"https:\/\/boutique.solux.sn\/index.php\/wp-json\/wp\/v2\/product_tag?post=6377"}],"curies":[{"name":"wp","href":"https:\/\/api.w.org\/{rel}","templated":true}]}}