{"id":6371,"date":"2023-12-21T16:58:44","date_gmt":"2023-12-21T16:58:44","guid":{"rendered":"https:\/\/boutique.solux.sn\/?post_type=product&#038;p=6371"},"modified":"2025-07-01T11:28:38","modified_gmt":"2025-07-01T11:28:38","slug":"projecteur-led-a-encastrer-au-sol-lgl7w","status":"publish","type":"product","link":"https:\/\/boutique.solux.sn\/index.php\/produit\/projecteur-led-a-encastrer-au-sol-lgl7w\/","title":{"rendered":"Projecteur Led \u00e0 Encastr\u00e9 au Sol &#8211; LGL7W"},"content":{"rendered":"<div class=\"col-sm-6\">\n<div class=\"row\">\n<ul>\n<li class=\"col-xs-8 etim-feature-name\">source lumineuse: LED non interchangeable<\/li>\n<li class=\"col-xs-8 etim-feature-name\">source lumineuse fournie: Oui<\/li>\n<li class=\"col-xs-8 etim-feature-name\">douille: sans<\/li>\n<li class=\"col-xs-8 etim-feature-name\">mat\u00e9riau du bo\u00eetier\/corps: plastique<\/li>\n<li class=\"col-xs-8 etim-feature-name\">Housing material quality: autre<\/li>\n<li class=\"col-xs-8 etim-feature-name\">couleur du bo\u00eetier\/corps: noir<\/li>\n<li class=\"col-xs-8 etim-feature-name\">type de tension: AC<\/li>\n<li class=\"col-xs-8 etim-feature-name\">tension nominale (Un): 220\u00a0 -240\u00a0 V<\/li>\n<li class=\"col-xs-8 etim-feature-name\">appareil de commande \u00e9changeable: Non<\/li>\n<li class=\"col-xs-8 etim-feature-name\">pas de variation: Oui<\/li>\n<li class=\"col-xs-8 etim-feature-name\">classe d`efficience \u00e9nerg\u00e9tique de la lampe int\u00e9gr\u00e9e: autre<\/li>\n<li class=\"col-xs-8 etim-feature-name\">dur\u00e9e de vie nominale L70\/B50 \u00e0 25\u00b0C: 20 000\u00a0 h<\/li>\n<li class=\"col-xs-8 etim-feature-name\">indice de protection (IP): IP65<\/li>\n<li class=\"col-xs-8 etim-feature-name\">indice de protection contre les chocs (IK): IK08<\/li>\n<li class=\"col-xs-8 etim-feature-name\">classe de protection: I<\/li>\n<li class=\"col-xs-8 etim-feature-name\">puissance du syst\u00e8me: 7\u00a0 W<\/li>\n<li class=\"col-xs-8 etim-feature-name\">flux lumineux utile: 490\u00a0 lm<\/li>\n<li class=\"col-xs-8 etim-feature-name\">couleur de la lumi\u00e8re: blanc<\/li>\n<li class=\"col-xs-8 etim-feature-name\">temp\u00e9rature de couleur: 4 500\u00a0 -4 500\u00a0 K<\/li>\n<li class=\"col-xs-8 etim-feature-name\">indice de rendu des couleurs CRI: 70-79<\/li>\n<li class=\"col-xs-8 etim-feature-name\">largeur: 160\u00a0 mm<\/li>\n<li class=\"col-xs-8 etim-feature-name\">hauteur\/profondeur: 110\u00a0 mm<\/li>\n<li class=\"col-xs-8 etim-feature-name\">longueur: 160\u00a0 mm<\/li>\n<li class=\"col-xs-8 etim-feature-name\">diam\u00e8tre externe: 160\u00a0 mm<\/li>\n<li class=\"col-xs-8 etim-feature-name\">largeur d`encastrement: 140\u00a0 mm<\/li>\n<li class=\"col-xs-8 etim-feature-name\">Built-in height\/depth: 110\u00a0 mm<\/li>\n<li class=\"col-xs-8 etim-feature-name\">longueur d\u2019encastrement: 110\u00a0 mm<\/li>\n<li class=\"col-xs-8 etim-feature-name\">diam\u00e8tre d`encastrement: 140\u00a0 mm<\/li>\n<li class=\"col-xs-8 etim-feature-name\">charge max.: 2 000\u00a0 kg<\/li>\n<\/ul>\n<\/div>\n<\/div>\n","protected":false},"excerpt":{"rendered":"<p>EXAMPLE<\/p>\n","protected":false},"featured_media":8711,"template":"","meta":{"_uag_custom_page_level_css":"","site-sidebar-layout":"default","site-content-layout":"default","ast-site-content-layout":"default","site-content-style":"default","site-sidebar-style":"default","ast-global-header-display":"","ast-banner-title-visibility":"","ast-main-header-display":"","ast-hfb-above-header-display":"","ast-hfb-below-header-display":"","ast-hfb-mobile-header-display":"","site-post-title":"","ast-breadcrumbs-content":"","ast-featured-img":"","footer-sml-layout":"","theme-transparent-header-meta":"default","adv-header-id-meta":"","stick-header-meta":"default","header-above-stick-meta":"","header-main-stick-meta":"","header-below-stick-meta":"","astra-migrate-meta-layouts":"set","ast-page-background-enabled":"default","ast-page-background-meta":{"desktop":{"background-color":"","background-image":"","background-repeat":"repeat","background-position":"center center","background-size":"auto","background-attachment":"scroll","background-type":"","background-media":"","overlay-type":"","overlay-color":"","overlay-opacity":"","overlay-gradient":""},"tablet":{"background-color":"","background-image":"","background-repeat":"repeat","background-position":"center center","background-size":"auto","background-attachment":"scroll","background-type":"","background-media":"","overlay-type":"","overlay-color":"","overlay-opacity":"","overlay-gradient":""},"mobile":{"background-color":"","background-image":"","background-repeat":"repeat","background-position":"center center","background-size":"auto","background-attachment":"scroll","background-type":"","background-media":"","overlay-type":"","overlay-color":"","overlay-opacity":"","overlay-gradient":""}},"ast-content-background-meta":{"desktop":{"background-color":"var(--ast-global-color-5)","background-image":"","background-repeat":"repeat","background-position":"center center","background-size":"auto","background-attachment":"scroll","background-type":"","background-media":"","overlay-type":"","overlay-color":"","overlay-opacity":"","overlay-gradient":""},"tablet":{"background-color":"var(--ast-global-color-5)","background-image":"","background-repeat":"repeat","background-position":"center center","background-size":"auto","background-attachment":"scroll","background-type":"","background-media":"","overlay-type":"","overlay-color":"","overlay-opacity":"","overlay-gradient":""},"mobile":{"background-color":"var(--ast-global-color-5)","background-image":"","background-repeat":"repeat","background-position":"center center","background-size":"auto","background-attachment":"scroll","background-type":"","background-media":"","overlay-type":"","overlay-color":"","overlay-opacity":"","overlay-gradient":""}}},"product_brand":[],"product_cat":[135,80,122,136,83],"product_tag":[],"class_list":{"0":"post-6371","1":"product","2":"type-product","3":"status-publish","4":"has-post-thumbnail","6":"product_cat-exterieur","7":"product_cat-luminaires","8":"product_cat-luminaires-encastrables","9":"product_cat-pour-jardin","10":"product_cat-spot","11":"desktop-align-left","12":"tablet-align-left","13":"mobile-align-left","14":"ast-product-gallery-layout-vertical","15":"ast-product-gallery-with-no-image","16":"ast-magnify-disabled","17":"ast-product-tabs-layout-accordion","18":"ast-qv-on-image","20":"first","21":"instock","22":"sale","23":"shipping-taxable","24":"purchasable","25":"product-type-simple"},"spectra_custom_meta":{"_regular_price":["48000"],"total_sales":["0"],"_tax_status":["taxable"],"_tax_class":[""],"_manage_stock":["no"],"_backorders":["no"],"_sold_individually":["no"],"_virtual":["no"],"_downloadable":["no"],"_download_limit":["-1"],"_download_expiry":["-1"],"_thumbnail_id":["8711"],"_stock":[null],"_stock_status":["instock"],"_wc_average_rating":["0"],"_wc_review_count":["0"],"_product_version":["9.9.3"],"_price":["24000"],"_last_editor_used_jetpack":["classic-editor"],"_wp_page_template":["default"],"cartflows_redirect_flow_id":[""],"cartflows_add_to_cart_text":[""],"site-sidebar-layout":["default"],"site-content-layout":["default"],"theme-transparent-header-meta":["default"],"_edit_lock":["1751369184:2"],"_edit_last":["2"],"_sale_price":["24000"],"ast-site-content-layout":["default"],"site-content-style":["default"],"site-sidebar-style":["default"],"stick-header-meta":["default"],"astra-migrate-meta-layouts":["set"],"_uag_page_assets":["a:9:{s:3:\"css\";s:263:\".uag-blocks-common-selector{z-index:var(--z-index-desktop) !important}@media (max-width: 976px){.uag-blocks-common-selector{z-index:var(--z-index-tablet) !important}}@media (max-width: 767px){.uag-blocks-common-selector{z-index:var(--z-index-mobile) !important}}\n\";s:2:\"js\";s:0:\"\";s:18:\"current_block_list\";a:15:{i:0;s:11:\"core\/search\";i:1;s:10:\"core\/group\";i:2;s:12:\"core\/heading\";i:3;s:17:\"core\/latest-posts\";i:4;s:20:\"core\/latest-comments\";i:5;s:13:\"core\/archives\";i:6;s:15:\"core\/categories\";i:7;s:26:\"woocommerce\/product-search\";i:8;s:17:\"core\/widget-group\";i:9;s:30:\"woocommerce\/product-categories\";i:10;s:10:\"core\/image\";i:11;s:14:\"core\/separator\";i:12;s:14:\"core\/paragraph\";i:13;s:9:\"core\/list\";i:14;s:14:\"core\/list-item\";}s:8:\"uag_flag\";b:0;s:11:\"uag_version\";s:10:\"1767185035\";s:6:\"gfonts\";a:0:{}s:10:\"gfonts_url\";s:0:\"\";s:12:\"gfonts_files\";a:0:{}s:14:\"uag_faq_layout\";b:0;}"],"_uag_css_file_name":["uag-css-6371.css"]},"uagb_featured_image_src":{"full":["https:\/\/boutique.solux.sn\/wp-content\/uploads\/2023\/12\/LGL7W_2022_portal_list_230x180-removebg-preview-removebg-preview.png",300,300,false],"thumbnail":["https:\/\/boutique.solux.sn\/wp-content\/uploads\/2023\/12\/LGL7W_2022_portal_list_230x180-removebg-preview-removebg-preview-150x150.png",150,150,true],"medium":["https:\/\/boutique.solux.sn\/wp-content\/uploads\/2023\/12\/LGL7W_2022_portal_list_230x180-removebg-preview-removebg-preview.png",300,300,false],"medium_large":["https:\/\/boutique.solux.sn\/wp-content\/uploads\/2023\/12\/LGL7W_2022_portal_list_230x180-removebg-preview-removebg-preview.png",300,300,false],"large":["https:\/\/boutique.solux.sn\/wp-content\/uploads\/2023\/12\/LGL7W_2022_portal_list_230x180-removebg-preview-removebg-preview.png",300,300,false],"1536x1536":["https:\/\/boutique.solux.sn\/wp-content\/uploads\/2023\/12\/LGL7W_2022_portal_list_230x180-removebg-preview-removebg-preview.png",300,300,false],"2048x2048":["https:\/\/boutique.solux.sn\/wp-content\/uploads\/2023\/12\/LGL7W_2022_portal_list_230x180-removebg-preview-removebg-preview.png",300,300,false],"woocommerce_thumbnail":["https:\/\/boutique.solux.sn\/wp-content\/uploads\/2023\/12\/LGL7W_2022_portal_list_230x180-removebg-preview-removebg-preview.png",300,300,false],"woocommerce_single":["https:\/\/boutique.solux.sn\/wp-content\/uploads\/2023\/12\/LGL7W_2022_portal_list_230x180-removebg-preview-removebg-preview.png",300,300,false],"woocommerce_gallery_thumbnail":["https:\/\/boutique.solux.sn\/wp-content\/uploads\/2023\/12\/LGL7W_2022_portal_list_230x180-removebg-preview-removebg-preview-100x100.png",100,100,true]},"uagb_author_info":{"display_name":"adminsolux","author_link":"https:\/\/boutique.solux.sn\/index.php\/author\/"},"uagb_comment_info":0,"uagb_excerpt":"EXAMPLE","_links":{"self":[{"href":"https:\/\/boutique.solux.sn\/index.php\/wp-json\/wp\/v2\/product\/6371","targetHints":{"allow":["GET"]}}],"collection":[{"href":"https:\/\/boutique.solux.sn\/index.php\/wp-json\/wp\/v2\/product"}],"about":[{"href":"https:\/\/boutique.solux.sn\/index.php\/wp-json\/wp\/v2\/types\/product"}],"version-history":[{"count":5,"href":"https:\/\/boutique.solux.sn\/index.php\/wp-json\/wp\/v2\/product\/6371\/revisions"}],"predecessor-version":[{"id":8612,"href":"https:\/\/boutique.solux.sn\/index.php\/wp-json\/wp\/v2\/product\/6371\/revisions\/8612"}],"wp:featuredmedia":[{"embeddable":true,"href":"https:\/\/boutique.solux.sn\/index.php\/wp-json\/wp\/v2\/media\/8711"}],"wp:attachment":[{"href":"https:\/\/boutique.solux.sn\/index.php\/wp-json\/wp\/v2\/media?parent=6371"}],"wp:term":[{"taxonomy":"product_brand","embeddable":true,"href":"https:\/\/boutique.solux.sn\/index.php\/wp-json\/wp\/v2\/product_brand?post=6371"},{"taxonomy":"product_cat","embeddable":true,"href":"https:\/\/boutique.solux.sn\/index.php\/wp-json\/wp\/v2\/product_cat?post=6371"},{"taxonomy":"product_tag","embeddable":true,"href":"https:\/\/boutique.solux.sn\/index.php\/wp-json\/wp\/v2\/product_tag?post=6371"}],"curies":[{"name":"wp","href":"https:\/\/api.w.org\/{rel}","templated":true}]}}