{"id":5886,"date":"2023-10-13T12:14:26","date_gmt":"2023-10-13T12:14:26","guid":{"rendered":"https:\/\/boutique.solux.sn\/?post_type=product&#038;p=5886"},"modified":"2025-07-01T16:37:04","modified_gmt":"2025-07-01T16:37:04","slug":"detecteur-de-mouvement-a-infrarouge-mural-blanc-tmb-112","status":"publish","type":"product","link":"https:\/\/boutique.solux.sn\/index.php\/produit\/detecteur-de-mouvement-a-infrarouge-mural-blanc-tmb-112\/","title":{"rendered":"D\u00e9tecteur de mouvement a infrarouge, mural, blanc &#8211; TMB-112"},"content":{"rendered":"","protected":false},"excerpt":{"rendered":"<div class=\"etim-features row\">\n<div class=\"col-sm-6\">\n<div class=\"row\">\n<div class=\"col-xs-8 etim-feature-name\">mod\u00e8le: d\u00e9tecteur\u00a0de\u00a0mouvement<\/div>\n<\/div>\n<div class=\"row\">\n<div class=\"col-xs-8 etim-feature-name\">type de capteur: infrarouge<\/div>\n<\/div>\n<div class=\"row\">\n<div class=\"col-xs-8 etim-feature-name\">angle de balayage: 180\u00a0 \u00b0<\/div>\n<\/div>\n<div class=\"row\">\n<div class=\"col-xs-8 etim-feature-name\">hauteur de montage optimale: 2,5\u00a0 m<\/div>\n<\/div>\n<div class=\"row\">\n<div class=\"col-xs-8 etim-feature-name\">longueur de port\u00e9e max.: 12\u00a0 m<\/div>\n<\/div>\n<div class=\"row\">\n<div class=\"col-xs-8 etim-feature-name\">luminosit\u00e9 de d\u00e9clenchement ajustable: Oui<\/div>\n<\/div>\n<div class=\"row\">\n<div class=\"col-xs-8 etim-feature-name\">mode de pose: saillie<\/div>\n<\/div>\n<div class=\"row\">\n<div class=\"col-xs-8 etim-feature-name\">mat\u00e9riau: plastique<\/div>\n<\/div>\n<div class=\"row\">\n<div class=\"col-xs-8 etim-feature-name\">couleur: blanc<\/div>\n<\/div>\n<div class=\"row\">\n<div class=\"col-xs-8 etim-feature-name\">indice de protection (IP): IP44<\/div>\n<\/div>\n<div class=\"row\">\n<div class=\"col-xs-8 etim-feature-name\">fr\u00e9quence: 50\u00a0 -50\u00a0 Hz<\/div>\n<\/div>\n<div class=\"row\">\n<div class=\"col-xs-8 etim-feature-name\">tension nominale: 230\u00a0 V<\/div>\n<\/div>\n<\/div>\n<div class=\"col-sm-6\">\n<div class=\"row\">\n<div class=\"col-xs-8 etim-feature-name\">dur\u00e9e de marche min.: 10\u00a0 s<\/div>\n<\/div>\n<div class=\"row\">\n<div class=\"col-xs-8 etim-feature-name\">dur\u00e9e de marche max.: 15\u00a0 min<\/div>\n<\/div>\n<div class=\"row\">\n<div class=\"col-xs-8 etim-feature-name\">angle de d\u00e9tection horizontal: 180\u00a0 -180\u00a0 \u00b0<\/div>\n<\/div>\n<div class=\"row\">\n<div class=\"col-xs-8 etim-feature-name\">plage de rotation du capteur, horizontale: -15\u00a0 -15\u00a0 \u00b0<\/div>\n<\/div>\n<div class=\"row\">\n<div class=\"col-xs-8 etim-feature-name\">plage de rotation du capteur, verticale: -15\u00a0 -15\u00a0 \u00b0<\/div>\n<\/div>\n<div class=\"row\">\n<div class=\"col-xs-8 etim-feature-name\">luminosit\u00e9 de d\u00e9clenchement: 3\u00a0 -2\u00a0000\u00a0 lx<\/div>\n<\/div>\n<div class=\"row\">\n<div class=\"col-xs-8 etim-feature-name\">Puissance de coupure max.: 1\u00a0000\u00a0 W<\/div>\n<\/div>\n<div class=\"row\">\n<div class=\"col-xs-8 etim-feature-name\">puissance max. de commutation LED: 300\u00a0 W<\/div>\n<\/div>\n<div class=\"row\">\n<div class=\"col-xs-8 etim-feature-name\">temp\u00e9rature: 10\u00a0 -45\u00a0 \u00b0C<\/div>\n<\/div>\n<div class=\"row\">\n<div class=\"col-xs-8 etim-feature-name\">largeur: 91\u00a0 mm<\/div>\n<\/div>\n<div class=\"row\">\n<div class=\"col-xs-8 etim-feature-name\">hauteur: 84\u00a0 mm<\/div>\n<\/div>\n<div class=\"row\">\n<div class=\"col-xs-8 etim-feature-name\">profondeur: 63\u00a0 mm<\/div>\n<\/div>\n<\/div>\n<\/div>\n","protected":false},"featured_media":8731,"template":"","meta":{"_uag_custom_page_level_css":"","site-sidebar-layout":"default","site-content-layout":"default","ast-site-content-layout":"default","site-content-style":"default","site-sidebar-style":"default","ast-global-header-display":"","ast-banner-title-visibility":"","ast-main-header-display":"","ast-hfb-above-header-display":"","ast-hfb-below-header-display":"","ast-hfb-mobile-header-display":"","site-post-title":"","ast-breadcrumbs-content":"","ast-featured-img":"","footer-sml-layout":"","theme-transparent-header-meta":"default","adv-header-id-meta":"","stick-header-meta":"default","header-above-stick-meta":"","header-main-stick-meta":"","header-below-stick-meta":"","astra-migrate-meta-layouts":"set","ast-page-background-enabled":"default","ast-page-background-meta":{"desktop":{"background-color":"","background-image":"","background-repeat":"repeat","background-position":"center center","background-size":"auto","background-attachment":"scroll","background-type":"","background-media":"","overlay-type":"","overlay-color":"","overlay-opacity":"","overlay-gradient":""},"tablet":{"background-color":"","background-image":"","background-repeat":"repeat","background-position":"center center","background-size":"auto","background-attachment":"scroll","background-type":"","background-media":"","overlay-type":"","overlay-color":"","overlay-opacity":"","overlay-gradient":""},"mobile":{"background-color":"","background-image":"","background-repeat":"repeat","background-position":"center center","background-size":"auto","background-attachment":"scroll","background-type":"","background-media":"","overlay-type":"","overlay-color":"","overlay-opacity":"","overlay-gradient":""}},"ast-content-background-meta":{"desktop":{"background-color":"var(--ast-global-color-5)","background-image":"","background-repeat":"repeat","background-position":"center center","background-size":"auto","background-attachment":"scroll","background-type":"","background-media":"","overlay-type":"","overlay-color":"","overlay-opacity":"","overlay-gradient":""},"tablet":{"background-color":"var(--ast-global-color-5)","background-image":"","background-repeat":"repeat","background-position":"center center","background-size":"auto","background-attachment":"scroll","background-type":"","background-media":"","overlay-type":"","overlay-color":"","overlay-opacity":"","overlay-gradient":""},"mobile":{"background-color":"var(--ast-global-color-5)","background-image":"","background-repeat":"repeat","background-position":"center center","background-size":"auto","background-attachment":"scroll","background-type":"","background-media":"","overlay-type":"","overlay-color":"","overlay-opacity":"","overlay-gradient":""}}},"product_brand":[],"product_cat":[97,80],"product_tag":[],"class_list":{"0":"post-5886","1":"product","2":"type-product","3":"status-publish","4":"has-post-thumbnail","6":"product_cat-detecteur-de-mouvement","7":"product_cat-luminaires","8":"desktop-align-left","9":"tablet-align-left","10":"mobile-align-left","11":"ast-product-gallery-layout-vertical","12":"ast-product-gallery-with-no-image","13":"ast-magnify-disabled","14":"ast-product-tabs-layout-accordion","15":"ast-qv-on-image","17":"first","18":"instock","19":"shipping-taxable","20":"purchasable","21":"product-type-simple"},"spectra_custom_meta":{"_last_editor_used_jetpack":["classic-editor"],"_edit_lock":["1751387703:2"],"_edit_last":["2"],"_wp_page_template":["default"],"cartflows_redirect_flow_id":[""],"cartflows_add_to_cart_text":[""],"total_sales":["0"],"_tax_status":["taxable"],"_tax_class":[""],"_manage_stock":["no"],"_backorders":["no"],"_sold_individually":["no"],"_virtual":["no"],"_downloadable":["no"],"_download_limit":["-1"],"_download_expiry":["-1"],"_stock":[null],"_stock_status":["instock"],"_wc_average_rating":["0"],"_wc_review_count":["0"],"_product_version":["9.9.3"],"_regular_price":["15000"],"_price":["15000"],"site-sidebar-layout":["default"],"site-content-layout":["default"],"theme-transparent-header-meta":["default"],"ast-site-content-layout":["default"],"site-content-style":["default"],"site-sidebar-style":["default"],"_thumbnail_id":["8731"],"astra-migrate-meta-layouts":["set"],"stick-header-meta":["default"],"_uag_page_assets":["a:9:{s:3:\"css\";s:263:\".uag-blocks-common-selector{z-index:var(--z-index-desktop) !important}@media (max-width: 976px){.uag-blocks-common-selector{z-index:var(--z-index-tablet) !important}}@media (max-width: 767px){.uag-blocks-common-selector{z-index:var(--z-index-mobile) !important}}\n\";s:2:\"js\";s:0:\"\";s:18:\"current_block_list\";a:15:{i:0;s:11:\"core\/search\";i:1;s:10:\"core\/group\";i:2;s:12:\"core\/heading\";i:3;s:17:\"core\/latest-posts\";i:4;s:20:\"core\/latest-comments\";i:5;s:13:\"core\/archives\";i:6;s:15:\"core\/categories\";i:7;s:26:\"woocommerce\/product-search\";i:8;s:17:\"core\/widget-group\";i:9;s:30:\"woocommerce\/product-categories\";i:10;s:10:\"core\/image\";i:11;s:14:\"core\/separator\";i:12;s:14:\"core\/paragraph\";i:13;s:9:\"core\/list\";i:14;s:14:\"core\/list-item\";}s:8:\"uag_flag\";b:0;s:11:\"uag_version\";s:10:\"1767185035\";s:6:\"gfonts\";a:0:{}s:10:\"gfonts_url\";s:0:\"\";s:12:\"gfonts_files\";a:0:{}s:14:\"uag_faq_layout\";b:0;}"],"_uag_css_file_name":["uag-css-5886.css"]},"uagb_featured_image_src":{"full":["https:\/\/boutique.solux.sn\/wp-content\/uploads\/2023\/10\/image_Page-8-removebg-preview-removebg-preview.png",500,500,false],"thumbnail":["https:\/\/boutique.solux.sn\/wp-content\/uploads\/2023\/10\/image_Page-8-removebg-preview-removebg-preview-150x150.png",150,150,true],"medium":["https:\/\/boutique.solux.sn\/wp-content\/uploads\/2023\/10\/image_Page-8-removebg-preview-removebg-preview-300x300.png",300,300,true],"medium_large":["https:\/\/boutique.solux.sn\/wp-content\/uploads\/2023\/10\/image_Page-8-removebg-preview-removebg-preview.png",500,500,false],"large":["https:\/\/boutique.solux.sn\/wp-content\/uploads\/2023\/10\/image_Page-8-removebg-preview-removebg-preview.png",500,500,false],"1536x1536":["https:\/\/boutique.solux.sn\/wp-content\/uploads\/2023\/10\/image_Page-8-removebg-preview-removebg-preview.png",500,500,false],"2048x2048":["https:\/\/boutique.solux.sn\/wp-content\/uploads\/2023\/10\/image_Page-8-removebg-preview-removebg-preview.png",500,500,false],"woocommerce_thumbnail":["https:\/\/boutique.solux.sn\/wp-content\/uploads\/2023\/10\/image_Page-8-removebg-preview-removebg-preview.png",500,500,false],"woocommerce_single":["https:\/\/boutique.solux.sn\/wp-content\/uploads\/2023\/10\/image_Page-8-removebg-preview-removebg-preview.png",500,500,false],"woocommerce_gallery_thumbnail":["https:\/\/boutique.solux.sn\/wp-content\/uploads\/2023\/10\/image_Page-8-removebg-preview-removebg-preview-100x100.png",100,100,true]},"uagb_author_info":{"display_name":"Joseph SARR","author_link":"https:\/\/boutique.solux.sn\/index.php\/author\/"},"uagb_comment_info":0,"uagb_excerpt":"mod\u00e8le: d\u00e9tecteur\u00a0de\u00a0mouvement type de capteur: infrarouge angle de balayage: 180\u00a0 \u00b0 hauteur de montage optimale: 2,5\u00a0 m longueur de port\u00e9e max.: 12\u00a0 m luminosit\u00e9 de d\u00e9clenchement ajustable: Oui mode de pose: saillie mat\u00e9riau: plastique couleur: blanc indice de protection (IP): IP44 fr\u00e9quence: 50\u00a0 -50\u00a0 Hz tension nominale: 230\u00a0 V dur\u00e9e de marche min.: 10\u00a0 s\u2026","_links":{"self":[{"href":"https:\/\/boutique.solux.sn\/index.php\/wp-json\/wp\/v2\/product\/5886","targetHints":{"allow":["GET"]}}],"collection":[{"href":"https:\/\/boutique.solux.sn\/index.php\/wp-json\/wp\/v2\/product"}],"about":[{"href":"https:\/\/boutique.solux.sn\/index.php\/wp-json\/wp\/v2\/types\/product"}],"version-history":[{"count":2,"href":"https:\/\/boutique.solux.sn\/index.php\/wp-json\/wp\/v2\/product\/5886\/revisions"}],"predecessor-version":[{"id":5897,"href":"https:\/\/boutique.solux.sn\/index.php\/wp-json\/wp\/v2\/product\/5886\/revisions\/5897"}],"wp:featuredmedia":[{"embeddable":true,"href":"https:\/\/boutique.solux.sn\/index.php\/wp-json\/wp\/v2\/media\/8731"}],"wp:attachment":[{"href":"https:\/\/boutique.solux.sn\/index.php\/wp-json\/wp\/v2\/media?parent=5886"}],"wp:term":[{"taxonomy":"product_brand","embeddable":true,"href":"https:\/\/boutique.solux.sn\/index.php\/wp-json\/wp\/v2\/product_brand?post=5886"},{"taxonomy":"product_cat","embeddable":true,"href":"https:\/\/boutique.solux.sn\/index.php\/wp-json\/wp\/v2\/product_cat?post=5886"},{"taxonomy":"product_tag","embeddable":true,"href":"https:\/\/boutique.solux.sn\/index.php\/wp-json\/wp\/v2\/product_tag?post=5886"}],"curies":[{"name":"wp","href":"https:\/\/api.w.org\/{rel}","templated":true}]}}