{"id":5875,"date":"2023-10-12T13:40:43","date_gmt":"2023-10-12T13:40:43","guid":{"rendered":"https:\/\/boutique.solux.sn\/?post_type=product&#038;p=5875"},"modified":"2025-07-11T15:30:26","modified_gmt":"2025-07-11T15:30:26","slug":"downlight-encastrable-pour-lampe-spot-chrome-tlc-2c","status":"publish","type":"product","link":"https:\/\/boutique.solux.sn\/index.php\/produit\/downlight-encastrable-pour-lampe-spot-chrome-tlc-2c\/","title":{"rendered":"Support de spot encastrable &#8211; TLC-2C"},"content":{"rendered":"","protected":false},"excerpt":{"rendered":"<ul>\n<li>adapt\u00e9 \u00e0 un montage en saillie: Non<\/li>\n<li>adapt\u00e9 \u00e0 un montage encastr\u00e9: Oui<\/li>\n<li>avec d\u00e9tecteur de mouvement: Non<\/li>\n<li>avec d\u00e9tecteur cr\u00e9pusculaire: Non<\/li>\n<li>source lumineuse: LED interchangeable<\/li>\n<li>mat\u00e9riau du bo\u00eetier\/corps: aluminium<\/li>\n<li>tension nominale (Un): 12 -12 V<\/li>\n<li>appareil de commande \u00e9changeable: Oui<\/li>\n<li>pas de variation: Oui<\/li>\n<li>r\u00e9partition lumineuse: sym\u00e9trique\/asym\u00e9trique<\/li>\n<li>classe d\u2019efficience \u00e9nerg\u00e9tique: A<\/li>\n<li>classe d&rsquo;efficience \u00e9nerg\u00e9tique de la lampe int\u00e9gr\u00e9e: autre<\/li>\n<li>indice de protection (IP): IP20<\/li>\n<li>classe de protection: III<\/li>\n<li>puissance du syst\u00e8me: 60 W<\/li>\n<li>couleur de la lumi\u00e8re: autre<\/li>\n<li>indice de rendu des couleurs CRI: 80-89<\/li>\n<li>largeur: 82 mm<\/li>\n<li>hauteur\/profondeur: 25 mm<\/li>\n<li>longueur: 82 mm<\/li>\n<li>nombre de p\u00f4les: 1<\/li>\n<\/ul>\n","protected":false},"featured_media":8891,"template":"","meta":{"_uag_custom_page_level_css":"","site-sidebar-layout":"default","site-content-layout":"default","ast-site-content-layout":"default","site-content-style":"default","site-sidebar-style":"default","ast-global-header-display":"","ast-banner-title-visibility":"","ast-main-header-display":"","ast-hfb-above-header-display":"","ast-hfb-below-header-display":"","ast-hfb-mobile-header-display":"","site-post-title":"","ast-breadcrumbs-content":"","ast-featured-img":"","footer-sml-layout":"","theme-transparent-header-meta":"default","adv-header-id-meta":"","stick-header-meta":"default","header-above-stick-meta":"","header-main-stick-meta":"","header-below-stick-meta":"","astra-migrate-meta-layouts":"set","ast-page-background-enabled":"default","ast-page-background-meta":{"desktop":{"background-color":"","background-image":"","background-repeat":"repeat","background-position":"center center","background-size":"auto","background-attachment":"scroll","background-type":"","background-media":"","overlay-type":"","overlay-color":"","overlay-opacity":"","overlay-gradient":""},"tablet":{"background-color":"","background-image":"","background-repeat":"repeat","background-position":"center center","background-size":"auto","background-attachment":"scroll","background-type":"","background-media":"","overlay-type":"","overlay-color":"","overlay-opacity":"","overlay-gradient":""},"mobile":{"background-color":"","background-image":"","background-repeat":"repeat","background-position":"center center","background-size":"auto","background-attachment":"scroll","background-type":"","background-media":"","overlay-type":"","overlay-color":"","overlay-opacity":"","overlay-gradient":""}},"ast-content-background-meta":{"desktop":{"background-color":"var(--ast-global-color-5)","background-image":"","background-repeat":"repeat","background-position":"center center","background-size":"auto","background-attachment":"scroll","background-type":"","background-media":"","overlay-type":"","overlay-color":"","overlay-opacity":"","overlay-gradient":""},"tablet":{"background-color":"var(--ast-global-color-5)","background-image":"","background-repeat":"repeat","background-position":"center center","background-size":"auto","background-attachment":"scroll","background-type":"","background-media":"","overlay-type":"","overlay-color":"","overlay-opacity":"","overlay-gradient":""},"mobile":{"background-color":"var(--ast-global-color-5)","background-image":"","background-repeat":"repeat","background-position":"center center","background-size":"auto","background-attachment":"scroll","background-type":"","background-media":"","overlay-type":"","overlay-color":"","overlay-opacity":"","overlay-gradient":""}}},"product_brand":[],"product_cat":[80,132,83],"product_tag":[],"class_list":{"0":"post-5875","1":"product","2":"type-product","3":"status-publish","4":"has-post-thumbnail","6":"product_cat-luminaires","7":"product_cat-pour-salon","8":"product_cat-spot","9":"desktop-align-left","10":"tablet-align-left","11":"mobile-align-left","12":"ast-product-gallery-layout-vertical","13":"ast-magnify-disabled","14":"ast-product-tabs-layout-accordion","15":"ast-qv-on-image","17":"first","18":"instock","19":"shipping-taxable","20":"purchasable","21":"product-type-simple"},"spectra_custom_meta":{"_last_editor_used_jetpack":["classic-editor"],"_edit_lock":["1752247696:2"],"_edit_last":["2"],"_thumbnail_id":["8891"],"_wp_page_template":["default"],"cartflows_redirect_flow_id":[""],"cartflows_add_to_cart_text":[""],"total_sales":["0"],"_tax_status":["taxable"],"_tax_class":[""],"_manage_stock":["no"],"_backorders":["no"],"_sold_individually":["no"],"_virtual":["no"],"_downloadable":["no"],"_download_limit":["-1"],"_download_expiry":["-1"],"_stock":[null],"_stock_status":["instock"],"_wc_average_rating":["0"],"_wc_review_count":["0"],"_product_version":["9.9.3"],"_regular_price":["4000"],"_price":["4000"],"site-sidebar-layout":["default"],"site-content-layout":["default"],"theme-transparent-header-meta":["default"],"_product_image_gallery":["8116,8117,8118"],"ast-site-content-layout":["default"],"site-content-style":["default"],"site-sidebar-style":["default"],"astra-migrate-meta-layouts":["set"],"stick-header-meta":["default"],"_uag_page_assets":["a:9:{s:3:\"css\";s:263:\".uag-blocks-common-selector{z-index:var(--z-index-desktop) !important}@media (max-width: 976px){.uag-blocks-common-selector{z-index:var(--z-index-tablet) !important}}@media (max-width: 767px){.uag-blocks-common-selector{z-index:var(--z-index-mobile) !important}}\n\";s:2:\"js\";s:0:\"\";s:18:\"current_block_list\";a:15:{i:0;s:11:\"core\/search\";i:1;s:10:\"core\/group\";i:2;s:12:\"core\/heading\";i:3;s:17:\"core\/latest-posts\";i:4;s:20:\"core\/latest-comments\";i:5;s:13:\"core\/archives\";i:6;s:15:\"core\/categories\";i:7;s:26:\"woocommerce\/product-search\";i:8;s:17:\"core\/widget-group\";i:9;s:30:\"woocommerce\/product-categories\";i:10;s:10:\"core\/image\";i:11;s:14:\"core\/separator\";i:12;s:14:\"core\/paragraph\";i:13;s:9:\"core\/list\";i:14;s:14:\"core\/list-item\";}s:8:\"uag_flag\";b:0;s:11:\"uag_version\";s:10:\"1767185035\";s:6:\"gfonts\";a:0:{}s:10:\"gfonts_url\";s:0:\"\";s:12:\"gfonts_files\";a:0:{}s:14:\"uag_faq_layout\";b:0;}"],"_uag_css_file_name":["uag-css-5875.css"]},"uagb_featured_image_src":{"full":["https:\/\/boutique.solux.sn\/wp-content\/uploads\/2023\/10\/freepik__enhance__51629-removebg-preview.png",433,577,false],"thumbnail":["https:\/\/boutique.solux.sn\/wp-content\/uploads\/2023\/10\/freepik__enhance__51629-removebg-preview-150x150.png",150,150,true],"medium":["https:\/\/boutique.solux.sn\/wp-content\/uploads\/2023\/10\/freepik__enhance__51629-removebg-preview-225x300.png",225,300,true],"medium_large":["https:\/\/boutique.solux.sn\/wp-content\/uploads\/2023\/10\/freepik__enhance__51629-removebg-preview.png",433,577,false],"large":["https:\/\/boutique.solux.sn\/wp-content\/uploads\/2023\/10\/freepik__enhance__51629-removebg-preview.png",433,577,false],"1536x1536":["https:\/\/boutique.solux.sn\/wp-content\/uploads\/2023\/10\/freepik__enhance__51629-removebg-preview.png",433,577,false],"2048x2048":["https:\/\/boutique.solux.sn\/wp-content\/uploads\/2023\/10\/freepik__enhance__51629-removebg-preview.png",433,577,false],"woocommerce_thumbnail":["https:\/\/boutique.solux.sn\/wp-content\/uploads\/2023\/10\/freepik__enhance__51629-removebg-preview-433x500.png",433,500,true],"woocommerce_single":["https:\/\/boutique.solux.sn\/wp-content\/uploads\/2023\/10\/freepik__enhance__51629-removebg-preview.png",433,577,false],"woocommerce_gallery_thumbnail":["https:\/\/boutique.solux.sn\/wp-content\/uploads\/2023\/10\/freepik__enhance__51629-removebg-preview-100x100.png",100,100,true]},"uagb_author_info":{"display_name":"Joseph SARR","author_link":"https:\/\/boutique.solux.sn\/index.php\/author\/"},"uagb_comment_info":0,"uagb_excerpt":"adapt\u00e9 \u00e0 un montage en saillie: Non adapt\u00e9 \u00e0 un montage encastr\u00e9: Oui avec d\u00e9tecteur de mouvement: Non avec d\u00e9tecteur cr\u00e9pusculaire: Non source lumineuse: LED interchangeable mat\u00e9riau du bo\u00eetier\/corps: aluminium tension nominale (Un): 12 -12 V appareil de commande \u00e9changeable: Oui pas de variation: Oui r\u00e9partition lumineuse: sym\u00e9trique\/asym\u00e9trique classe d\u2019efficience \u00e9nerg\u00e9tique: A classe d'efficience \u00e9nerg\u00e9tique\u2026","_links":{"self":[{"href":"https:\/\/boutique.solux.sn\/index.php\/wp-json\/wp\/v2\/product\/5875","targetHints":{"allow":["GET"]}}],"collection":[{"href":"https:\/\/boutique.solux.sn\/index.php\/wp-json\/wp\/v2\/product"}],"about":[{"href":"https:\/\/boutique.solux.sn\/index.php\/wp-json\/wp\/v2\/types\/product"}],"version-history":[{"count":4,"href":"https:\/\/boutique.solux.sn\/index.php\/wp-json\/wp\/v2\/product\/5875\/revisions"}],"predecessor-version":[{"id":8120,"href":"https:\/\/boutique.solux.sn\/index.php\/wp-json\/wp\/v2\/product\/5875\/revisions\/8120"}],"wp:featuredmedia":[{"embeddable":true,"href":"https:\/\/boutique.solux.sn\/index.php\/wp-json\/wp\/v2\/media\/8891"}],"wp:attachment":[{"href":"https:\/\/boutique.solux.sn\/index.php\/wp-json\/wp\/v2\/media?parent=5875"}],"wp:term":[{"taxonomy":"product_brand","embeddable":true,"href":"https:\/\/boutique.solux.sn\/index.php\/wp-json\/wp\/v2\/product_brand?post=5875"},{"taxonomy":"product_cat","embeddable":true,"href":"https:\/\/boutique.solux.sn\/index.php\/wp-json\/wp\/v2\/product_cat?post=5875"},{"taxonomy":"product_tag","embeddable":true,"href":"https:\/\/boutique.solux.sn\/index.php\/wp-json\/wp\/v2\/product_tag?post=5875"}],"curies":[{"name":"wp","href":"https:\/\/api.w.org\/{rel}","templated":true}]}}