{"id":5825,"date":"2023-10-10T16:26:47","date_gmt":"2023-10-10T16:26:47","guid":{"rendered":"https:\/\/boutique.solux.sn\/?post_type=product&#038;p=5825"},"modified":"2025-07-11T16:44:34","modified_gmt":"2025-07-11T16:44:34","slug":"mptz-camera","status":"publish","type":"product","link":"https:\/\/boutique.solux.sn\/index.php\/produit\/mptz-camera\/","title":{"rendered":"MPTZ CAMERA"},"content":{"rendered":"","protected":false},"excerpt":{"rendered":"<p>Syst\u00e8me de cam\u00e9ras de s\u00e9curit\u00e9 sans fil facile \u00e0 installer, aliment\u00e9 par un panneau solaire et une batterie rechargeable, connect\u00e9 \u00e0 Internet via 4G LTE, ce syst\u00e8me de surveillance est totalement d\u00e9pourvu de c\u00e2bles.<br \/>\nrechargeable, connect\u00e9 \u00e0 internet par 4G LTE, ce syst\u00e8me de surveillance est totalement sans fil. Fonctionne avec le r\u00e9seau AT&amp;T, ne supporte pas d&rsquo;autres op\u00e9rateurs 1080P HD Images et Full Color Night Vison, Capteur d&rsquo;image 1\/2&Prime; et cam\u00e9ra 2MP pour capturer et enregistrer des images claires et nettes de jour comme de nuit, 2 LED infrarouges et 4 LED d&rsquo;\u00e9clairage fournissent une vision nocturne claire et color\u00e9e D\u00e9tection de mouvement PIR + d\u00e9tection radar<br \/>\nLes d\u00e9tecteurs PIR et Radar d\u00e9tectent les mouvements jusqu&rsquo;\u00e0 40 pieds et travaillent ensemble pour enregistrer tous les \u00e9v\u00e9nements de s\u00e9curit\u00e9. Une alerte intelligente vous sera envoy\u00e9e et r\u00e9duira les fausses d\u00e9tections. Syst\u00e8me d&rsquo;\u00e9conomie d&rsquo;\u00e9nergie intelligent et Batterie puissante int\u00e9gr\u00e9e, panneau solaire efficace capable de charger m\u00eame en cas de faible luminosit\u00e9,<br \/>\nStockage local et dans le cloud, \u00e9tanche \u00e0 l&rsquo;ext\u00e9rieur, application Android\/ iOS pour la visualisation ou la lecture en temps r\u00e9el.<\/p>\n","protected":false},"featured_media":8922,"template":"","meta":{"_uag_custom_page_level_css":"","site-sidebar-layout":"default","site-content-layout":"default","ast-site-content-layout":"default","site-content-style":"default","site-sidebar-style":"default","ast-global-header-display":"","ast-banner-title-visibility":"","ast-main-header-display":"","ast-hfb-above-header-display":"","ast-hfb-below-header-display":"","ast-hfb-mobile-header-display":"","site-post-title":"","ast-breadcrumbs-content":"","ast-featured-img":"","footer-sml-layout":"","theme-transparent-header-meta":"default","adv-header-id-meta":"","stick-header-meta":"default","header-above-stick-meta":"","header-main-stick-meta":"","header-below-stick-meta":"","astra-migrate-meta-layouts":"set","ast-page-background-enabled":"default","ast-page-background-meta":{"desktop":{"background-color":"","background-image":"","background-repeat":"repeat","background-position":"center center","background-size":"auto","background-attachment":"scroll","background-type":"","background-media":"","overlay-type":"","overlay-color":"","overlay-opacity":"","overlay-gradient":""},"tablet":{"background-color":"","background-image":"","background-repeat":"repeat","background-position":"center center","background-size":"auto","background-attachment":"scroll","background-type":"","background-media":"","overlay-type":"","overlay-color":"","overlay-opacity":"","overlay-gradient":""},"mobile":{"background-color":"","background-image":"","background-repeat":"repeat","background-position":"center center","background-size":"auto","background-attachment":"scroll","background-type":"","background-media":"","overlay-type":"","overlay-color":"","overlay-opacity":"","overlay-gradient":""}},"ast-content-background-meta":{"desktop":{"background-color":"var(--ast-global-color-5)","background-image":"","background-repeat":"repeat","background-position":"center center","background-size":"auto","background-attachment":"scroll","background-type":"","background-media":"","overlay-type":"","overlay-color":"","overlay-opacity":"","overlay-gradient":""},"tablet":{"background-color":"var(--ast-global-color-5)","background-image":"","background-repeat":"repeat","background-position":"center center","background-size":"auto","background-attachment":"scroll","background-type":"","background-media":"","overlay-type":"","overlay-color":"","overlay-opacity":"","overlay-gradient":""},"mobile":{"background-color":"var(--ast-global-color-5)","background-image":"","background-repeat":"repeat","background-position":"center center","background-size":"auto","background-attachment":"scroll","background-type":"","background-media":"","overlay-type":"","overlay-color":"","overlay-opacity":"","overlay-gradient":""}}},"product_brand":[],"product_cat":[95,125],"product_tag":[],"class_list":{"0":"post-5825","1":"product","2":"type-product","3":"status-publish","4":"has-post-thumbnail","6":"product_cat-camera-solaire","7":"product_cat-solaires","8":"desktop-align-left","9":"tablet-align-left","10":"mobile-align-left","11":"ast-product-gallery-layout-vertical","12":"ast-magnify-disabled","13":"ast-product-tabs-layout-accordion","14":"ast-qv-on-image","16":"first","17":"instock","18":"shipping-taxable","19":"purchasable","20":"product-type-simple"},"spectra_custom_meta":{"_last_editor_used_jetpack":["classic-editor"],"_edit_lock":["1752252141:2"],"_edit_last":["2"],"_thumbnail_id":["8922"],"_wp_page_template":["default"],"cartflows_redirect_flow_id":[""],"cartflows_add_to_cart_text":[""],"total_sales":["0"],"_tax_status":["taxable"],"_tax_class":[""],"_manage_stock":["no"],"_backorders":["no"],"_sold_individually":["no"],"_virtual":["no"],"_downloadable":["no"],"_download_limit":["-1"],"_download_expiry":["-1"],"_stock":[null],"_stock_status":["instock"],"_wc_average_rating":["0"],"_wc_review_count":["0"],"_product_version":["9.9.3"],"_regular_price":["133500"],"_price":["133500"],"_product_image_gallery":["5807,5809"],"site-sidebar-layout":["default"],"site-content-layout":["default"],"theme-transparent-header-meta":["default"],"ast-site-content-layout":["default"],"site-content-style":["default"],"site-sidebar-style":["default"],"astra-migrate-meta-layouts":["set"],"stick-header-meta":["default"],"_uag_page_assets":["a:9:{s:3:\"css\";s:263:\".uag-blocks-common-selector{z-index:var(--z-index-desktop) !important}@media (max-width: 976px){.uag-blocks-common-selector{z-index:var(--z-index-tablet) !important}}@media (max-width: 767px){.uag-blocks-common-selector{z-index:var(--z-index-mobile) !important}}\n\";s:2:\"js\";s:0:\"\";s:18:\"current_block_list\";a:15:{i:0;s:11:\"core\/search\";i:1;s:10:\"core\/group\";i:2;s:12:\"core\/heading\";i:3;s:17:\"core\/latest-posts\";i:4;s:20:\"core\/latest-comments\";i:5;s:13:\"core\/archives\";i:6;s:15:\"core\/categories\";i:7;s:26:\"woocommerce\/product-search\";i:8;s:17:\"core\/widget-group\";i:9;s:30:\"woocommerce\/product-categories\";i:10;s:10:\"core\/image\";i:11;s:14:\"core\/separator\";i:12;s:14:\"core\/paragraph\";i:13;s:9:\"core\/list\";i:14;s:14:\"core\/list-item\";}s:8:\"uag_flag\";b:0;s:11:\"uag_version\";s:10:\"1767185035\";s:6:\"gfonts\";a:0:{}s:10:\"gfonts_url\";s:0:\"\";s:12:\"gfonts_files\";a:0:{}s:14:\"uag_faq_layout\";b:0;}"],"_uag_css_file_name":["uag-css-5825.css"]},"uagb_featured_image_src":{"full":["https:\/\/boutique.solux.sn\/wp-content\/uploads\/2023\/10\/freepik__enhance__30523-removebg-preview.png",500,500,false],"thumbnail":["https:\/\/boutique.solux.sn\/wp-content\/uploads\/2023\/10\/freepik__enhance__30523-removebg-preview-150x150.png",150,150,true],"medium":["https:\/\/boutique.solux.sn\/wp-content\/uploads\/2023\/10\/freepik__enhance__30523-removebg-preview-300x300.png",300,300,true],"medium_large":["https:\/\/boutique.solux.sn\/wp-content\/uploads\/2023\/10\/freepik__enhance__30523-removebg-preview.png",500,500,false],"large":["https:\/\/boutique.solux.sn\/wp-content\/uploads\/2023\/10\/freepik__enhance__30523-removebg-preview.png",500,500,false],"1536x1536":["https:\/\/boutique.solux.sn\/wp-content\/uploads\/2023\/10\/freepik__enhance__30523-removebg-preview.png",500,500,false],"2048x2048":["https:\/\/boutique.solux.sn\/wp-content\/uploads\/2023\/10\/freepik__enhance__30523-removebg-preview.png",500,500,false],"woocommerce_thumbnail":["https:\/\/boutique.solux.sn\/wp-content\/uploads\/2023\/10\/freepik__enhance__30523-removebg-preview.png",500,500,false],"woocommerce_single":["https:\/\/boutique.solux.sn\/wp-content\/uploads\/2023\/10\/freepik__enhance__30523-removebg-preview.png",500,500,false],"woocommerce_gallery_thumbnail":["https:\/\/boutique.solux.sn\/wp-content\/uploads\/2023\/10\/freepik__enhance__30523-removebg-preview-100x100.png",100,100,true]},"uagb_author_info":{"display_name":"Joseph SARR","author_link":"https:\/\/boutique.solux.sn\/index.php\/author\/"},"uagb_comment_info":0,"uagb_excerpt":"Syst\u00e8me de cam\u00e9ras de s\u00e9curit\u00e9 sans fil facile \u00e0 installer, aliment\u00e9 par un panneau solaire et une batterie rechargeable, connect\u00e9 \u00e0 Internet via 4G LTE, ce syst\u00e8me de surveillance est totalement d\u00e9pourvu de c\u00e2bles. rechargeable, connect\u00e9 \u00e0 internet par 4G LTE, ce syst\u00e8me de surveillance est totalement sans fil. Fonctionne avec le r\u00e9seau AT&amp;T, ne\u2026","_links":{"self":[{"href":"https:\/\/boutique.solux.sn\/index.php\/wp-json\/wp\/v2\/product\/5825","targetHints":{"allow":["GET"]}}],"collection":[{"href":"https:\/\/boutique.solux.sn\/index.php\/wp-json\/wp\/v2\/product"}],"about":[{"href":"https:\/\/boutique.solux.sn\/index.php\/wp-json\/wp\/v2\/types\/product"}],"version-history":[{"count":2,"href":"https:\/\/boutique.solux.sn\/index.php\/wp-json\/wp\/v2\/product\/5825\/revisions"}],"predecessor-version":[{"id":5829,"href":"https:\/\/boutique.solux.sn\/index.php\/wp-json\/wp\/v2\/product\/5825\/revisions\/5829"}],"wp:featuredmedia":[{"embeddable":true,"href":"https:\/\/boutique.solux.sn\/index.php\/wp-json\/wp\/v2\/media\/8922"}],"wp:attachment":[{"href":"https:\/\/boutique.solux.sn\/index.php\/wp-json\/wp\/v2\/media?parent=5825"}],"wp:term":[{"taxonomy":"product_brand","embeddable":true,"href":"https:\/\/boutique.solux.sn\/index.php\/wp-json\/wp\/v2\/product_brand?post=5825"},{"taxonomy":"product_cat","embeddable":true,"href":"https:\/\/boutique.solux.sn\/index.php\/wp-json\/wp\/v2\/product_cat?post=5825"},{"taxonomy":"product_tag","embeddable":true,"href":"https:\/\/boutique.solux.sn\/index.php\/wp-json\/wp\/v2\/product_tag?post=5825"}],"curies":[{"name":"wp","href":"https:\/\/api.w.org\/{rel}","templated":true}]}}