{"id":4961,"date":"2023-08-18T16:27:37","date_gmt":"2023-08-18T16:27:37","guid":{"rendered":"http:\/\/boutique.solux.sn\/?post_type=product&#038;p=4961"},"modified":"2025-07-01T16:45:17","modified_gmt":"2025-07-01T16:45:17","slug":"lampe-de-service-forte-puissance-led-stlhl10w","status":"publish","type":"product","link":"https:\/\/boutique.solux.sn\/index.php\/produit\/lampe-de-service-forte-puissance-led-stlhl10w\/","title":{"rendered":"Lampe de service forte puissance LED STLHL10W"},"content":{"rendered":"","protected":false},"excerpt":{"rendered":"<div class=\"row\">\n<ul>\n<li class=\"col-xs-8 etim-feature-name\">source lumineuse: LED non interchangeable<\/li>\n<li class=\"col-xs-8 etim-feature-name\">source lumineuse fournie: <span style=\"font-size: 16px;\">Oui<\/span><\/li>\n<li class=\"col-xs-8 etim-feature-name\">tension nominale (Un): <span style=\"font-size: 16px;\">3,5\u00a0 -3,8\u00a0 V<\/span><\/li>\n<li class=\"col-xs-8 etim-feature-name\">avec interrupteur: <span style=\"font-size: 16px;\">Oui<\/span><\/li>\n<li class=\"col-xs-8 etim-feature-name\">avec cordon de raccordement et prise: <span style=\"font-size: 16px;\">Oui<\/span><\/li>\n<li class=\"col-xs-8 etim-feature-name\">classe d`efficience \u00e9nerg\u00e9tique de la lampe int\u00e9gr\u00e9e: <span style=\"font-size: 16px;\">autre<\/span><\/li>\n<li class=\"col-xs-8 etim-feature-name\">indice de protection (IP): <span style=\"font-size: 16px;\">IP54<\/span><\/li>\n<li class=\"col-xs-8 etim-feature-name\">classe de protection: <span style=\"font-size: 16px;\">III<\/span><\/li>\n<\/ul>\n<div class=\"row\">\n<ul>\n<li class=\"col-xs-8 etim-feature-name\">puissance du syst\u00e8me: 10\u00a0 W<\/li>\n<li class=\"col-xs-8 etim-feature-name\">flux lumineux utile: <span style=\"font-size: 16px;\">1 000\u00a0 lm<\/span><\/li>\n<li class=\"col-xs-8 etim-feature-name\">couleur de la lumi\u00e8re: <span style=\"font-size: 16px;\">blanc<\/span><\/li>\n<li class=\"col-xs-8 etim-feature-name\">temp\u00e9rature de couleur: <span style=\"font-size: 16px;\">6 000\u00a0 -6 500\u00a0 K<\/span><\/li>\n<li class=\"col-xs-8 etim-feature-name\">indice de rendu des couleurs CRI: <span style=\"font-size: 16px;\">70-79<\/span><\/li>\n<li class=\"col-xs-8 etim-feature-name\">largeur: <span style=\"font-size: 16px;\">65\u00a0 mm<\/span><\/li>\n<li class=\"col-xs-8 etim-feature-name\">hauteur\/profondeur: <span style=\"font-size: 16px;\">40\u00a0 mm<\/span><\/li>\n<li class=\"col-xs-8 etim-feature-name\">longueur: <span style=\"font-size: 16px;\">220\u00a0 mm<\/span><\/li>\n<\/ul>\n<\/div>\n<\/div>\n","protected":false},"featured_media":8736,"template":"","meta":{"_uag_custom_page_level_css":"","site-sidebar-layout":"default","site-content-layout":"default","ast-site-content-layout":"default","site-content-style":"default","site-sidebar-style":"default","ast-global-header-display":"","ast-banner-title-visibility":"","ast-main-header-display":"","ast-hfb-above-header-display":"","ast-hfb-below-header-display":"","ast-hfb-mobile-header-display":"","site-post-title":"","ast-breadcrumbs-content":"","ast-featured-img":"","footer-sml-layout":"","theme-transparent-header-meta":"default","adv-header-id-meta":"","stick-header-meta":"default","header-above-stick-meta":"","header-main-stick-meta":"","header-below-stick-meta":"","astra-migrate-meta-layouts":"set","ast-page-background-enabled":"default","ast-page-background-meta":{"desktop":{"background-color":"","background-image":"","background-repeat":"repeat","background-position":"center center","background-size":"auto","background-attachment":"scroll","background-type":"","background-media":"","overlay-type":"","overlay-color":"","overlay-opacity":"","overlay-gradient":""},"tablet":{"background-color":"","background-image":"","background-repeat":"repeat","background-position":"center center","background-size":"auto","background-attachment":"scroll","background-type":"","background-media":"","overlay-type":"","overlay-color":"","overlay-opacity":"","overlay-gradient":""},"mobile":{"background-color":"","background-image":"","background-repeat":"repeat","background-position":"center center","background-size":"auto","background-attachment":"scroll","background-type":"","background-media":"","overlay-type":"","overlay-color":"","overlay-opacity":"","overlay-gradient":""}},"ast-content-background-meta":{"desktop":{"background-color":"var(--ast-global-color-5)","background-image":"","background-repeat":"repeat","background-position":"center center","background-size":"auto","background-attachment":"scroll","background-type":"","background-media":"","overlay-type":"","overlay-color":"","overlay-opacity":"","overlay-gradient":""},"tablet":{"background-color":"var(--ast-global-color-5)","background-image":"","background-repeat":"repeat","background-position":"center center","background-size":"auto","background-attachment":"scroll","background-type":"","background-media":"","overlay-type":"","overlay-color":"","overlay-opacity":"","overlay-gradient":""},"mobile":{"background-color":"var(--ast-global-color-5)","background-image":"","background-repeat":"repeat","background-position":"center center","background-size":"auto","background-attachment":"scroll","background-type":"","background-media":"","overlay-type":"","overlay-color":"","overlay-opacity":"","overlay-gradient":""}}},"product_brand":[],"product_cat":[80,87],"product_tag":[],"class_list":{"0":"post-4961","1":"product","2":"type-product","3":"status-publish","4":"has-post-thumbnail","6":"product_cat-luminaires","7":"product_cat-torches","8":"desktop-align-left","9":"tablet-align-left","10":"mobile-align-left","11":"ast-product-gallery-layout-vertical","12":"ast-magnify-disabled","13":"ast-product-tabs-layout-accordion","14":"ast-qv-on-image","16":"first","17":"instock","18":"shipping-taxable","19":"product-type-simple"},"spectra_custom_meta":{"total_sales":["0"],"_tax_status":["taxable"],"_tax_class":[""],"_manage_stock":["no"],"_backorders":["no"],"_sold_individually":["no"],"_virtual":["no"],"_downloadable":["no"],"_product_image_gallery":["4963,4964"],"_download_limit":["-1"],"_download_expiry":["-1"],"_stock":[null],"_stock_status":["instock"],"_wc_average_rating":["0"],"_wc_review_count":["0"],"_product_version":["9.9.3"],"_last_editor_used_jetpack":["classic-editor"],"_wp_page_template":["default"],"cartflows_redirect_flow_id":[""],"cartflows_add_to_cart_text":[""],"site-sidebar-layout":["default"],"site-content-layout":["default"],"theme-transparent-header-meta":["default"],"_edit_lock":["1751388182:2"],"_edit_last":["2"],"_thumbnail_id":["8736"],"ast-site-content-layout":["default"],"site-content-style":["default"],"site-sidebar-style":["default"],"astra-migrate-meta-layouts":["set"],"stick-header-meta":["default"],"_uag_page_assets":["a:9:{s:3:\"css\";s:263:\".uag-blocks-common-selector{z-index:var(--z-index-desktop) !important}@media (max-width: 976px){.uag-blocks-common-selector{z-index:var(--z-index-tablet) !important}}@media (max-width: 767px){.uag-blocks-common-selector{z-index:var(--z-index-mobile) !important}}\n\";s:2:\"js\";s:0:\"\";s:18:\"current_block_list\";a:15:{i:0;s:11:\"core\/search\";i:1;s:10:\"core\/group\";i:2;s:12:\"core\/heading\";i:3;s:17:\"core\/latest-posts\";i:4;s:20:\"core\/latest-comments\";i:5;s:13:\"core\/archives\";i:6;s:15:\"core\/categories\";i:7;s:26:\"woocommerce\/product-search\";i:8;s:17:\"core\/widget-group\";i:9;s:30:\"woocommerce\/product-categories\";i:10;s:10:\"core\/image\";i:11;s:14:\"core\/separator\";i:12;s:14:\"core\/paragraph\";i:13;s:9:\"core\/list\";i:14;s:14:\"core\/list-item\";}s:8:\"uag_flag\";b:0;s:11:\"uag_version\";s:10:\"1767185035\";s:6:\"gfonts\";a:0:{}s:10:\"gfonts_url\";s:0:\"\";s:12:\"gfonts_files\";a:0:{}s:14:\"uag_faq_layout\";b:0;}"],"_uag_css_file_name":["uag-css-4961.css"]},"uagb_featured_image_src":{"full":["https:\/\/boutique.solux.sn\/wp-content\/uploads\/2023\/08\/STLHL10W_2_portal_list_230x180-removebg-preview-removebg-preview.png",499,499,false],"thumbnail":["https:\/\/boutique.solux.sn\/wp-content\/uploads\/2023\/08\/STLHL10W_2_portal_list_230x180-removebg-preview-removebg-preview-150x150.png",150,150,true],"medium":["https:\/\/boutique.solux.sn\/wp-content\/uploads\/2023\/08\/STLHL10W_2_portal_list_230x180-removebg-preview-removebg-preview-300x300.png",300,300,true],"medium_large":["https:\/\/boutique.solux.sn\/wp-content\/uploads\/2023\/08\/STLHL10W_2_portal_list_230x180-removebg-preview-removebg-preview.png",499,499,false],"large":["https:\/\/boutique.solux.sn\/wp-content\/uploads\/2023\/08\/STLHL10W_2_portal_list_230x180-removebg-preview-removebg-preview.png",499,499,false],"1536x1536":["https:\/\/boutique.solux.sn\/wp-content\/uploads\/2023\/08\/STLHL10W_2_portal_list_230x180-removebg-preview-removebg-preview.png",499,499,false],"2048x2048":["https:\/\/boutique.solux.sn\/wp-content\/uploads\/2023\/08\/STLHL10W_2_portal_list_230x180-removebg-preview-removebg-preview.png",499,499,false],"woocommerce_thumbnail":["https:\/\/boutique.solux.sn\/wp-content\/uploads\/2023\/08\/STLHL10W_2_portal_list_230x180-removebg-preview-removebg-preview.png",499,499,false],"woocommerce_single":["https:\/\/boutique.solux.sn\/wp-content\/uploads\/2023\/08\/STLHL10W_2_portal_list_230x180-removebg-preview-removebg-preview.png",499,499,false],"woocommerce_gallery_thumbnail":["https:\/\/boutique.solux.sn\/wp-content\/uploads\/2023\/08\/STLHL10W_2_portal_list_230x180-removebg-preview-removebg-preview-100x100.png",100,100,true]},"uagb_author_info":{"display_name":"Joseph SARR","author_link":"https:\/\/boutique.solux.sn\/index.php\/author\/"},"uagb_comment_info":0,"uagb_excerpt":"source lumineuse: LED non interchangeable source lumineuse fournie: Oui tension nominale (Un): 3,5\u00a0 -3,8\u00a0 V avec interrupteur: Oui avec cordon de raccordement et prise: Oui classe d`efficience \u00e9nerg\u00e9tique de la lampe int\u00e9gr\u00e9e: autre indice de protection (IP): IP54 classe de protection: III puissance du syst\u00e8me: 10\u00a0 W flux lumineux utile: 1 000\u00a0 lm couleur de\u2026","_links":{"self":[{"href":"https:\/\/boutique.solux.sn\/index.php\/wp-json\/wp\/v2\/product\/4961","targetHints":{"allow":["GET"]}}],"collection":[{"href":"https:\/\/boutique.solux.sn\/index.php\/wp-json\/wp\/v2\/product"}],"about":[{"href":"https:\/\/boutique.solux.sn\/index.php\/wp-json\/wp\/v2\/types\/product"}],"version-history":[{"count":1,"href":"https:\/\/boutique.solux.sn\/index.php\/wp-json\/wp\/v2\/product\/4961\/revisions"}],"predecessor-version":[{"id":4965,"href":"https:\/\/boutique.solux.sn\/index.php\/wp-json\/wp\/v2\/product\/4961\/revisions\/4965"}],"wp:featuredmedia":[{"embeddable":true,"href":"https:\/\/boutique.solux.sn\/index.php\/wp-json\/wp\/v2\/media\/8736"}],"wp:attachment":[{"href":"https:\/\/boutique.solux.sn\/index.php\/wp-json\/wp\/v2\/media?parent=4961"}],"wp:term":[{"taxonomy":"product_brand","embeddable":true,"href":"https:\/\/boutique.solux.sn\/index.php\/wp-json\/wp\/v2\/product_brand?post=4961"},{"taxonomy":"product_cat","embeddable":true,"href":"https:\/\/boutique.solux.sn\/index.php\/wp-json\/wp\/v2\/product_cat?post=4961"},{"taxonomy":"product_tag","embeddable":true,"href":"https:\/\/boutique.solux.sn\/index.php\/wp-json\/wp\/v2\/product_tag?post=4961"}],"curies":[{"name":"wp","href":"https:\/\/api.w.org\/{rel}","templated":true}]}}