{"id":4855,"date":"2023-08-17T15:08:14","date_gmt":"2023-08-17T15:08:14","guid":{"rendered":"http:\/\/boutique.solux.sn\/?post_type=product&#038;p=4855"},"modified":"2025-07-11T16:30:26","modified_gmt":"2025-07-11T16:30:26","slug":"panneaux-photovoltaique-mono-310w","status":"publish","type":"product","link":"https:\/\/boutique.solux.sn\/index.php\/produit\/panneaux-photovoltaique-mono-310w\/","title":{"rendered":"Panneaux photovolta\u00efque mono 310W"},"content":{"rendered":"\t\t<div data-elementor-type=\"wp-post\" data-elementor-id=\"4855\" class=\"elementor elementor-4855\">\n\t\t\t\t\t\t<section class=\"elementor-section elementor-top-section elementor-element elementor-element-212a25ad elementor-section-boxed elementor-section-height-default elementor-section-height-default\" data-id=\"212a25ad\" data-element_type=\"section\">\n\t\t\t\t\t\t<div class=\"elementor-container elementor-column-gap-default\">\n\t\t\t\t\t<div class=\"elementor-column elementor-col-100 elementor-top-column elementor-element elementor-element-3901a167\" data-id=\"3901a167\" data-element_type=\"column\">\n\t\t\t<div class=\"elementor-widget-wrap elementor-element-populated\">\n\t\t\t\t\t\t<div class=\"elementor-element elementor-element-59a7e48 elementor-widget elementor-widget-image\" data-id=\"59a7e48\" data-element_type=\"widget\" data-widget_type=\"image.default\">\n\t\t\t\t<div class=\"elementor-widget-container\">\n\t\t\t\t\t\t\t\t\t\t\t\t\t\t\t<img fetchpriority=\"high\" decoding=\"async\" width=\"1488\" height=\"212\" src=\"https:\/\/boutique.solux.sn\/wp-content\/uploads\/2023\/08\/310.png\" class=\"attachment-full size-full wp-image-4884\" alt=\"\" srcset=\"https:\/\/boutique.solux.sn\/wp-content\/uploads\/2023\/08\/310.png 1488w, https:\/\/boutique.solux.sn\/wp-content\/uploads\/2023\/08\/310-600x85.png 600w, https:\/\/boutique.solux.sn\/wp-content\/uploads\/2023\/08\/310-300x43.png 300w, https:\/\/boutique.solux.sn\/wp-content\/uploads\/2023\/08\/310-1024x146.png 1024w, https:\/\/boutique.solux.sn\/wp-content\/uploads\/2023\/08\/310-768x109.png 768w, https:\/\/boutique.solux.sn\/wp-content\/uploads\/2023\/08\/310-1320x188.png 1320w\" sizes=\"(max-width: 1488px) 100vw, 1488px\" \/>\t\t\t\t\t\t\t\t\t\t\t\t\t\t\t<\/div>\n\t\t\t\t<\/div>\n\t\t\t\t\t<\/div>\n\t\t<\/div>\n\t\t\t\t\t<\/div>\n\t\t<\/section>\n\t\t\t\t<\/div>\n\t\t","protected":false},"excerpt":{"rendered":"<p>Ces panneaux monocristallins de taille moyenne offrent un meilleur rapport efficacit\u00e9 co\u00fbt. Ils sont relativement compacts et permettent d&rsquo;optimiser l&rsquo;installation sur des surface limit\u00e9es.<\/p>\n","protected":false},"featured_media":8918,"template":"elementor_theme","meta":{"_uag_custom_page_level_css":"","site-sidebar-layout":"default","site-content-layout":"default","ast-site-content-layout":"default","site-content-style":"default","site-sidebar-style":"default","ast-global-header-display":"","ast-banner-title-visibility":"","ast-main-header-display":"","ast-hfb-above-header-display":"","ast-hfb-below-header-display":"","ast-hfb-mobile-header-display":"","site-post-title":"","ast-breadcrumbs-content":"","ast-featured-img":"","footer-sml-layout":"","theme-transparent-header-meta":"default","adv-header-id-meta":"","stick-header-meta":"default","header-above-stick-meta":"","header-main-stick-meta":"","header-below-stick-meta":"","astra-migrate-meta-layouts":"set","ast-page-background-enabled":"default","ast-page-background-meta":{"desktop":{"background-color":"","background-image":"","background-repeat":"repeat","background-position":"center center","background-size":"auto","background-attachment":"scroll","background-type":"","background-media":"","overlay-type":"","overlay-color":"","overlay-opacity":"","overlay-gradient":""},"tablet":{"background-color":"","background-image":"","background-repeat":"repeat","background-position":"center center","background-size":"auto","background-attachment":"scroll","background-type":"","background-media":"","overlay-type":"","overlay-color":"","overlay-opacity":"","overlay-gradient":""},"mobile":{"background-color":"","background-image":"","background-repeat":"repeat","background-position":"center center","background-size":"auto","background-attachment":"scroll","background-type":"","background-media":"","overlay-type":"","overlay-color":"","overlay-opacity":"","overlay-gradient":""}},"ast-content-background-meta":{"desktop":{"background-color":"var(--ast-global-color-5)","background-image":"","background-repeat":"repeat","background-position":"center center","background-size":"auto","background-attachment":"scroll","background-type":"","background-media":"","overlay-type":"","overlay-color":"","overlay-opacity":"","overlay-gradient":""},"tablet":{"background-color":"var(--ast-global-color-5)","background-image":"","background-repeat":"repeat","background-position":"center center","background-size":"auto","background-attachment":"scroll","background-type":"","background-media":"","overlay-type":"","overlay-color":"","overlay-opacity":"","overlay-gradient":""},"mobile":{"background-color":"var(--ast-global-color-5)","background-image":"","background-repeat":"repeat","background-position":"center center","background-size":"auto","background-attachment":"scroll","background-type":"","background-media":"","overlay-type":"","overlay-color":"","overlay-opacity":"","overlay-gradient":""}}},"product_brand":[],"product_cat":[77],"product_tag":[],"class_list":{"0":"post-4855","1":"product","2":"type-product","3":"status-publish","4":"has-post-thumbnail","6":"product_cat-panneaux-photovoltaiques","7":"desktop-align-left","8":"tablet-align-left","9":"mobile-align-left","10":"ast-product-gallery-layout-vertical","11":"ast-product-gallery-with-no-image","12":"ast-magnify-disabled","13":"ast-product-tabs-layout-accordion","14":"ast-qv-on-image","16":"first","17":"instock","18":"featured","19":"shipping-taxable","20":"product-type-simple"},"spectra_custom_meta":{"total_sales":["0"],"_tax_status":["taxable"],"_tax_class":[""],"_manage_stock":["no"],"_backorders":["no"],"_sold_individually":["no"],"_virtual":["no"],"_downloadable":["no"],"_download_limit":["-1"],"_download_expiry":["-1"],"_thumbnail_id":["8918"],"_stock":[null],"_stock_status":["instock"],"_wc_average_rating":["0"],"_wc_review_count":["0"],"_product_version":["9.9.3"],"_price":[""],"_last_editor_used_jetpack":["classic-editor"],"_wp_page_template":["elementor_theme"],"cartflows_redirect_flow_id":[""],"cartflows_add_to_cart_text":[""],"site-sidebar-layout":["default"],"site-content-layout":["default"],"theme-transparent-header-meta":["default"],"_elementor_template_type":["wp-post"],"_elementor_version":["3.25.11"],"_elementor_data":["[{\"id\":\"212a25ad\",\"elType\":\"section\",\"settings\":[],\"elements\":[{\"id\":\"3901a167\",\"elType\":\"column\",\"settings\":{\"_column_size\":100,\"space_between_widgets\":25},\"elements\":[{\"id\":\"59a7e48\",\"elType\":\"widget\",\"settings\":{\"image\":{\"url\":\"http:\\\/\\\/boutique.solux.sn\\\/wp-content\\\/uploads\\\/2023\\\/08\\\/310.png\",\"id\":4884,\"size\":\"\",\"alt\":\"\",\"source\":\"library\"},\"image_size\":\"full\"},\"elements\":[],\"widgetType\":\"image\"}],\"isInner\":false}],\"isInner\":false}]"],"_elementor_edit_mode":["builder"],"_edit_lock":["1752251394:2"],"_edit_last":["2"],"_sale_price":[""],"ast-site-content-layout":["default"],"site-content-style":["default"],"site-sidebar-style":["default"],"_elementor_controls_usage":["a:3:{s:5:\"image\";a:3:{s:5:\"count\";i:1;s:15:\"control_percent\";i:1;s:8:\"controls\";a:1:{s:7:\"content\";a:1:{s:13:\"section_image\";a:2:{s:5:\"image\";i:1;s:10:\"image_size\";i:1;}}}}s:6:\"column\";a:3:{s:5:\"count\";i:1;s:15:\"control_percent\";i:0;s:8:\"controls\";a:1:{s:6:\"layout\";a:1:{s:6:\"layout\";a:1:{s:21:\"space_between_widgets\";i:1;}}}}s:7:\"section\";a:3:{s:5:\"count\";i:1;s:15:\"control_percent\";i:0;s:8:\"controls\";a:0:{}}}"],"astra-migrate-meta-layouts":["set"],"stick-header-meta":["default"],"_uag_page_assets":["a:9:{s:3:\"css\";s:263:\".uag-blocks-common-selector{z-index:var(--z-index-desktop) !important}@media (max-width: 976px){.uag-blocks-common-selector{z-index:var(--z-index-tablet) !important}}@media (max-width: 767px){.uag-blocks-common-selector{z-index:var(--z-index-mobile) !important}}\n\";s:2:\"js\";s:0:\"\";s:18:\"current_block_list\";a:15:{i:0;s:11:\"core\/search\";i:1;s:10:\"core\/group\";i:2;s:12:\"core\/heading\";i:3;s:17:\"core\/latest-posts\";i:4;s:20:\"core\/latest-comments\";i:5;s:13:\"core\/archives\";i:6;s:15:\"core\/categories\";i:7;s:26:\"woocommerce\/product-search\";i:8;s:17:\"core\/widget-group\";i:9;s:30:\"woocommerce\/product-categories\";i:10;s:10:\"core\/image\";i:11;s:14:\"core\/separator\";i:12;s:14:\"core\/paragraph\";i:13;s:9:\"core\/list\";i:14;s:14:\"core\/list-item\";}s:8:\"uag_flag\";b:0;s:11:\"uag_version\";s:10:\"1767185035\";s:6:\"gfonts\";a:0:{}s:10:\"gfonts_url\";s:0:\"\";s:12:\"gfonts_files\";a:0:{}s:14:\"uag_faq_layout\";b:0;}"],"_elementor_css":["a:6:{s:4:\"time\";i:1753057144;s:5:\"fonts\";a:0:{}s:5:\"icons\";a:0:{}s:20:\"dynamic_elements_ids\";a:0:{}s:6:\"status\";s:4:\"file\";i:0;s:0:\"\";}"],"_elementor_page_assets":["a:2:{s:6:\"styles\";a:1:{i:0;s:12:\"widget-image\";}s:7:\"scripts\";a:1:{i:0;s:18:\"elementor-frontend\";}}"],"_uag_css_file_name":["uag-css-4855.css"]},"uagb_featured_image_src":{"full":["https:\/\/boutique.solux.sn\/wp-content\/uploads\/2023\/08\/freepik__enhance__51628-removebg-preview.png",386,647,false],"thumbnail":["https:\/\/boutique.solux.sn\/wp-content\/uploads\/2023\/08\/freepik__enhance__51628-removebg-preview-150x150.png",150,150,true],"medium":["https:\/\/boutique.solux.sn\/wp-content\/uploads\/2023\/08\/freepik__enhance__51628-removebg-preview-179x300.png",179,300,true],"medium_large":["https:\/\/boutique.solux.sn\/wp-content\/uploads\/2023\/08\/freepik__enhance__51628-removebg-preview.png",386,647,false],"large":["https:\/\/boutique.solux.sn\/wp-content\/uploads\/2023\/08\/freepik__enhance__51628-removebg-preview.png",386,647,false],"1536x1536":["https:\/\/boutique.solux.sn\/wp-content\/uploads\/2023\/08\/freepik__enhance__51628-removebg-preview.png",386,647,false],"2048x2048":["https:\/\/boutique.solux.sn\/wp-content\/uploads\/2023\/08\/freepik__enhance__51628-removebg-preview.png",386,647,false],"woocommerce_thumbnail":["https:\/\/boutique.solux.sn\/wp-content\/uploads\/2023\/08\/freepik__enhance__51628-removebg-preview-386x500.png",386,500,true],"woocommerce_single":["https:\/\/boutique.solux.sn\/wp-content\/uploads\/2023\/08\/freepik__enhance__51628-removebg-preview.png",386,647,false],"woocommerce_gallery_thumbnail":["https:\/\/boutique.solux.sn\/wp-content\/uploads\/2023\/08\/freepik__enhance__51628-removebg-preview-100x100.png",100,100,true]},"uagb_author_info":{"display_name":"adminsolux","author_link":"https:\/\/boutique.solux.sn\/index.php\/author\/"},"uagb_comment_info":0,"uagb_excerpt":"Ces panneaux monocristallins de taille moyenne offrent un meilleur rapport efficacit\u00e9 co\u00fbt. Ils sont relativement compacts et permettent d'optimiser l'installation sur des surface limit\u00e9es.","_links":{"self":[{"href":"https:\/\/boutique.solux.sn\/index.php\/wp-json\/wp\/v2\/product\/4855","targetHints":{"allow":["GET"]}}],"collection":[{"href":"https:\/\/boutique.solux.sn\/index.php\/wp-json\/wp\/v2\/product"}],"about":[{"href":"https:\/\/boutique.solux.sn\/index.php\/wp-json\/wp\/v2\/types\/product"}],"version-history":[{"count":8,"href":"https:\/\/boutique.solux.sn\/index.php\/wp-json\/wp\/v2\/product\/4855\/revisions"}],"predecessor-version":[{"id":8920,"href":"https:\/\/boutique.solux.sn\/index.php\/wp-json\/wp\/v2\/product\/4855\/revisions\/8920"}],"wp:featuredmedia":[{"embeddable":true,"href":"https:\/\/boutique.solux.sn\/index.php\/wp-json\/wp\/v2\/media\/8918"}],"wp:attachment":[{"href":"https:\/\/boutique.solux.sn\/index.php\/wp-json\/wp\/v2\/media?parent=4855"}],"wp:term":[{"taxonomy":"product_brand","embeddable":true,"href":"https:\/\/boutique.solux.sn\/index.php\/wp-json\/wp\/v2\/product_brand?post=4855"},{"taxonomy":"product_cat","embeddable":true,"href":"https:\/\/boutique.solux.sn\/index.php\/wp-json\/wp\/v2\/product_cat?post=4855"},{"taxonomy":"product_tag","embeddable":true,"href":"https:\/\/boutique.solux.sn\/index.php\/wp-json\/wp\/v2\/product_tag?post=4855"}],"curies":[{"name":"wp","href":"https:\/\/api.w.org\/{rel}","templated":true}]}}