{"id":4733,"date":"2023-08-11T09:48:22","date_gmt":"2023-08-11T09:48:22","guid":{"rendered":"http:\/\/boutique.solux.sn\/?post_type=product&#038;p=4733"},"modified":"2025-07-11T16:18:46","modified_gmt":"2025-07-11T16:18:46","slug":"onduleur-hybride-rg-mh1500w-12v","status":"publish","type":"product","link":"https:\/\/boutique.solux.sn\/index.php\/produit\/onduleur-hybride-rg-mh1500w-12v\/","title":{"rendered":"Onduleur Hybride RG-MH1500W 12V"},"content":{"rendered":"\t\t<div data-elementor-type=\"wp-post\" data-elementor-id=\"4733\" class=\"elementor elementor-4733\">\n\t\t\t\t\t\t<section class=\"elementor-section elementor-top-section elementor-element elementor-element-d05c4a0 elementor-section-boxed elementor-section-height-default elementor-section-height-default\" data-id=\"d05c4a0\" data-element_type=\"section\">\n\t\t\t\t\t\t<div class=\"elementor-container elementor-column-gap-default\">\n\t\t\t\t\t<div class=\"elementor-column elementor-col-100 elementor-top-column elementor-element elementor-element-57bd84f\" data-id=\"57bd84f\" data-element_type=\"column\">\n\t\t\t<div class=\"elementor-widget-wrap elementor-element-populated\">\n\t\t\t\t\t\t<div class=\"elementor-element elementor-element-2887bf9 elementor-widget elementor-widget-image\" data-id=\"2887bf9\" data-element_type=\"widget\" data-widget_type=\"image.default\">\n\t\t\t\t<div class=\"elementor-widget-container\">\n\t\t\t\t\t\t\t\t\t\t\t\t\t\t\t<img fetchpriority=\"high\" decoding=\"async\" width=\"1600\" height=\"1386\" src=\"https:\/\/boutique.solux.sn\/wp-content\/uploads\/2023\/08\/WhatsApp-Image-2023-08-24-at-15.14.50.jpeg\" class=\"attachment-full size-full wp-image-5158\" alt=\"\" srcset=\"https:\/\/boutique.solux.sn\/wp-content\/uploads\/2023\/08\/WhatsApp-Image-2023-08-24-at-15.14.50.jpeg 1600w, https:\/\/boutique.solux.sn\/wp-content\/uploads\/2023\/08\/WhatsApp-Image-2023-08-24-at-15.14.50-600x520.jpeg 600w, https:\/\/boutique.solux.sn\/wp-content\/uploads\/2023\/08\/WhatsApp-Image-2023-08-24-at-15.14.50-300x260.jpeg 300w, https:\/\/boutique.solux.sn\/wp-content\/uploads\/2023\/08\/WhatsApp-Image-2023-08-24-at-15.14.50-1024x887.jpeg 1024w, https:\/\/boutique.solux.sn\/wp-content\/uploads\/2023\/08\/WhatsApp-Image-2023-08-24-at-15.14.50-768x665.jpeg 768w, https:\/\/boutique.solux.sn\/wp-content\/uploads\/2023\/08\/WhatsApp-Image-2023-08-24-at-15.14.50-1536x1331.jpeg 1536w, https:\/\/boutique.solux.sn\/wp-content\/uploads\/2023\/08\/WhatsApp-Image-2023-08-24-at-15.14.50-1320x1143.jpeg 1320w\" sizes=\"(max-width: 1600px) 100vw, 1600px\" \/>\t\t\t\t\t\t\t\t\t\t\t\t\t\t\t<\/div>\n\t\t\t\t<\/div>\n\t\t\t\t\t<\/div>\n\t\t<\/div>\n\t\t\t\t\t<\/div>\n\t\t<\/section>\n\t\t\t\t<\/div>\n\t\t","protected":false},"excerpt":{"rendered":"<p>onduleur\/chargeur hybride multifonctions, combinant les fonctions d&rsquo;onduleur, de r\u00e9gulateur solaire MPPT et de chargeur de batterie pour offrir un support d&rsquo;alimentation sans interruption avec une taille portable. Sa plus grande caract\u00e9ristique est qu&rsquo;en plus de la fonction ordinaire d&rsquo;onduleur hors r\u00e9seau (configuration de la batterie), il peut \u00e9galement choisir de supprimer compl\u00e8tement l&rsquo;option de batterie, en utilisant uniquement l&rsquo;\u00e9nergie solaire et le r\u00e9seau pour travailler ensemble. En l&rsquo;absence d&rsquo;option de batterie, la tension d&rsquo;entr\u00e9e maximale de l&rsquo;\u00e9nergie photovolta\u00efque peut atteindre 450 V. Les panneaux solaires peuvent \u00eatre directement connect\u00e9s en s\u00e9rie afin d&rsquo;\u00e9conomiser le co\u00fbt des mat\u00e9riaux auxiliaires.<\/p>\n","protected":false},"featured_media":8911,"template":"elementor_theme","meta":{"_uag_custom_page_level_css":"","site-sidebar-layout":"no-sidebar","site-content-layout":"page-builder","ast-site-content-layout":"default","site-content-style":"default","site-sidebar-style":"unboxed","ast-global-header-display":"","ast-banner-title-visibility":"","ast-main-header-display":"","ast-hfb-above-header-display":"","ast-hfb-below-header-display":"","ast-hfb-mobile-header-display":"","site-post-title":"disabled","ast-breadcrumbs-content":"","ast-featured-img":"disabled","footer-sml-layout":"","theme-transparent-header-meta":"default","adv-header-id-meta":"","stick-header-meta":"default","header-above-stick-meta":"","header-main-stick-meta":"","header-below-stick-meta":"","astra-migrate-meta-layouts":"set","ast-page-background-enabled":"default","ast-page-background-meta":{"desktop":{"background-color":"","background-image":"","background-repeat":"repeat","background-position":"center center","background-size":"auto","background-attachment":"scroll","background-type":"","background-media":"","overlay-type":"","overlay-color":"","overlay-opacity":"","overlay-gradient":""},"tablet":{"background-color":"","background-image":"","background-repeat":"repeat","background-position":"center center","background-size":"auto","background-attachment":"scroll","background-type":"","background-media":"","overlay-type":"","overlay-color":"","overlay-opacity":"","overlay-gradient":""},"mobile":{"background-color":"","background-image":"","background-repeat":"repeat","background-position":"center center","background-size":"auto","background-attachment":"scroll","background-type":"","background-media":"","overlay-type":"","overlay-color":"","overlay-opacity":"","overlay-gradient":""}},"ast-content-background-meta":{"desktop":{"background-color":"var(--ast-global-color-5)","background-image":"","background-repeat":"repeat","background-position":"center center","background-size":"auto","background-attachment":"scroll","background-type":"","background-media":"","overlay-type":"","overlay-color":"","overlay-opacity":"","overlay-gradient":""},"tablet":{"background-color":"var(--ast-global-color-5)","background-image":"","background-repeat":"repeat","background-position":"center center","background-size":"auto","background-attachment":"scroll","background-type":"","background-media":"","overlay-type":"","overlay-color":"","overlay-opacity":"","overlay-gradient":""},"mobile":{"background-color":"var(--ast-global-color-5)","background-image":"","background-repeat":"repeat","background-position":"center center","background-size":"auto","background-attachment":"scroll","background-type":"","background-media":"","overlay-type":"","overlay-color":"","overlay-opacity":"","overlay-gradient":""}}},"product_brand":[],"product_cat":[76],"product_tag":[],"class_list":{"0":"post-4733","1":"product","2":"type-product","3":"status-publish","4":"has-post-thumbnail","6":"product_cat-onduleurs-et-regulateurs","7":"desktop-align-left","8":"tablet-align-left","9":"mobile-align-left","10":"ast-product-gallery-layout-vertical","11":"ast-product-gallery-with-no-image","12":"ast-magnify-disabled","13":"ast-product-tabs-layout-accordion","14":"ast-qv-on-image","16":"first","17":"instock","18":"shipping-taxable","19":"purchasable","20":"product-type-simple"},"spectra_custom_meta":{"_last_editor_used_jetpack":["classic-editor"],"_edit_lock":["1752250592:2"],"_edit_last":["2"],"_thumbnail_id":["8911"],"_wp_page_template":["elementor_theme"],"cartflows_redirect_flow_id":[""],"cartflows_add_to_cart_text":[""],"total_sales":["0"],"_tax_status":["taxable"],"_tax_class":[""],"_manage_stock":["no"],"_backorders":["no"],"_sold_individually":["no"],"_virtual":["no"],"_downloadable":["no"],"_download_limit":["-1"],"_download_expiry":["-1"],"_stock":[null],"_stock_status":["instock"],"_wc_average_rating":["0"],"_wc_review_count":["0"],"_product_version":["9.9.3"],"_regular_price":["187000"],"_price":["187000"],"site-sidebar-layout":["no-sidebar"],"site-content-layout":["page-builder"],"theme-transparent-header-meta":["default"],"_wp_old_slug":["onduleur-hybride-integre-mppt"],"_elementor_edit_mode":["builder"],"_elementor_template_type":["wp-post"],"_elementor_version":["3.25.11"],"_astra_content_layout_flag":["disabled"],"site-post-title":["disabled"],"ast-title-bar-display":["disabled"],"ast-featured-img":["disabled"],"_elementor_data":["[{\"id\":\"d05c4a0\",\"elType\":\"section\",\"settings\":[],\"elements\":[{\"id\":\"57bd84f\",\"elType\":\"column\",\"settings\":{\"_column_size\":100,\"_inline_size\":null},\"elements\":[{\"id\":\"2887bf9\",\"elType\":\"widget\",\"settings\":{\"image\":{\"url\":\"http:\\\/\\\/boutique.solux.sn\\\/wp-content\\\/uploads\\\/2023\\\/08\\\/WhatsApp-Image-2023-08-24-at-15.14.50.jpeg\",\"id\":5158,\"size\":\"\",\"alt\":\"\",\"source\":\"library\"},\"image_size\":\"full\"},\"elements\":[],\"widgetType\":\"image\"}],\"isInner\":false}],\"isInner\":false}]"],"_elementor_controls_usage":["a:3:{s:5:\"image\";a:3:{s:5:\"count\";i:1;s:15:\"control_percent\";i:1;s:8:\"controls\";a:1:{s:7:\"content\";a:1:{s:13:\"section_image\";a:2:{s:5:\"image\";i:1;s:10:\"image_size\";i:1;}}}}s:6:\"column\";a:3:{s:5:\"count\";i:1;s:15:\"control_percent\";i:0;s:8:\"controls\";a:1:{s:6:\"layout\";a:1:{s:6:\"layout\";a:1:{s:12:\"_inline_size\";i:1;}}}}s:7:\"section\";a:3:{s:5:\"count\";i:1;s:15:\"control_percent\";i:0;s:8:\"controls\";a:0:{}}}"],"ast-site-content-layout":["default"],"site-content-style":["default"],"site-sidebar-style":["unboxed"],"stick-header-meta":["default"],"astra-migrate-meta-layouts":["set"],"_uag_page_assets":["a:9:{s:3:\"css\";s:263:\".uag-blocks-common-selector{z-index:var(--z-index-desktop) !important}@media (max-width: 976px){.uag-blocks-common-selector{z-index:var(--z-index-tablet) !important}}@media (max-width: 767px){.uag-blocks-common-selector{z-index:var(--z-index-mobile) !important}}\n\";s:2:\"js\";s:0:\"\";s:18:\"current_block_list\";a:15:{i:0;s:11:\"core\/search\";i:1;s:10:\"core\/group\";i:2;s:12:\"core\/heading\";i:3;s:17:\"core\/latest-posts\";i:4;s:20:\"core\/latest-comments\";i:5;s:13:\"core\/archives\";i:6;s:15:\"core\/categories\";i:7;s:26:\"woocommerce\/product-search\";i:8;s:17:\"core\/widget-group\";i:9;s:30:\"woocommerce\/product-categories\";i:10;s:10:\"core\/image\";i:11;s:14:\"core\/separator\";i:12;s:14:\"core\/paragraph\";i:13;s:9:\"core\/list\";i:14;s:14:\"core\/list-item\";}s:8:\"uag_flag\";b:0;s:11:\"uag_version\";s:10:\"1767185035\";s:6:\"gfonts\";a:0:{}s:10:\"gfonts_url\";s:0:\"\";s:12:\"gfonts_files\";a:0:{}s:14:\"uag_faq_layout\";b:0;}"],"_elementor_css":["a:7:{s:4:\"time\";i:1752952867;s:5:\"fonts\";a:0:{}s:5:\"icons\";a:0:{}s:20:\"dynamic_elements_ids\";a:0:{}s:6:\"status\";s:5:\"empty\";i:0;s:0:\"\";s:3:\"css\";s:0:\"\";}"],"_elementor_page_assets":["a:2:{s:6:\"styles\";a:1:{i:0;s:12:\"widget-image\";}s:7:\"scripts\";a:1:{i:0;s:18:\"elementor-frontend\";}}"],"_uag_css_file_name":["uag-css-4733.css"]},"uagb_featured_image_src":{"full":["https:\/\/boutique.solux.sn\/wp-content\/uploads\/2023\/08\/freepik__enhance__5709-removebg-preview.png",500,500,false],"thumbnail":["https:\/\/boutique.solux.sn\/wp-content\/uploads\/2023\/08\/freepik__enhance__5709-removebg-preview-150x150.png",150,150,true],"medium":["https:\/\/boutique.solux.sn\/wp-content\/uploads\/2023\/08\/freepik__enhance__5709-removebg-preview-300x300.png",300,300,true],"medium_large":["https:\/\/boutique.solux.sn\/wp-content\/uploads\/2023\/08\/freepik__enhance__5709-removebg-preview.png",500,500,false],"large":["https:\/\/boutique.solux.sn\/wp-content\/uploads\/2023\/08\/freepik__enhance__5709-removebg-preview.png",500,500,false],"1536x1536":["https:\/\/boutique.solux.sn\/wp-content\/uploads\/2023\/08\/freepik__enhance__5709-removebg-preview.png",500,500,false],"2048x2048":["https:\/\/boutique.solux.sn\/wp-content\/uploads\/2023\/08\/freepik__enhance__5709-removebg-preview.png",500,500,false],"woocommerce_thumbnail":["https:\/\/boutique.solux.sn\/wp-content\/uploads\/2023\/08\/freepik__enhance__5709-removebg-preview.png",500,500,false],"woocommerce_single":["https:\/\/boutique.solux.sn\/wp-content\/uploads\/2023\/08\/freepik__enhance__5709-removebg-preview.png",500,500,false],"woocommerce_gallery_thumbnail":["https:\/\/boutique.solux.sn\/wp-content\/uploads\/2023\/08\/freepik__enhance__5709-removebg-preview-100x100.png",100,100,true]},"uagb_author_info":{"display_name":"adminsolux","author_link":"https:\/\/boutique.solux.sn\/index.php\/author\/"},"uagb_comment_info":0,"uagb_excerpt":"onduleur\/chargeur hybride multifonctions, combinant les fonctions d'onduleur, de r\u00e9gulateur solaire MPPT et de chargeur de batterie pour offrir un support d'alimentation sans interruption avec une taille portable. Sa plus grande caract\u00e9ristique est qu'en plus de la fonction ordinaire d'onduleur hors r\u00e9seau (configuration de la batterie), il peut \u00e9galement choisir de supprimer compl\u00e8tement l'option de batterie,\u2026","_links":{"self":[{"href":"https:\/\/boutique.solux.sn\/index.php\/wp-json\/wp\/v2\/product\/4733","targetHints":{"allow":["GET"]}}],"collection":[{"href":"https:\/\/boutique.solux.sn\/index.php\/wp-json\/wp\/v2\/product"}],"about":[{"href":"https:\/\/boutique.solux.sn\/index.php\/wp-json\/wp\/v2\/types\/product"}],"version-history":[{"count":11,"href":"https:\/\/boutique.solux.sn\/index.php\/wp-json\/wp\/v2\/product\/4733\/revisions"}],"predecessor-version":[{"id":8863,"href":"https:\/\/boutique.solux.sn\/index.php\/wp-json\/wp\/v2\/product\/4733\/revisions\/8863"}],"wp:featuredmedia":[{"embeddable":true,"href":"https:\/\/boutique.solux.sn\/index.php\/wp-json\/wp\/v2\/media\/8911"}],"wp:attachment":[{"href":"https:\/\/boutique.solux.sn\/index.php\/wp-json\/wp\/v2\/media?parent=4733"}],"wp:term":[{"taxonomy":"product_brand","embeddable":true,"href":"https:\/\/boutique.solux.sn\/index.php\/wp-json\/wp\/v2\/product_brand?post=4733"},{"taxonomy":"product_cat","embeddable":true,"href":"https:\/\/boutique.solux.sn\/index.php\/wp-json\/wp\/v2\/product_cat?post=4733"},{"taxonomy":"product_tag","embeddable":true,"href":"https:\/\/boutique.solux.sn\/index.php\/wp-json\/wp\/v2\/product_tag?post=4733"}],"curies":[{"name":"wp","href":"https:\/\/api.w.org\/{rel}","templated":true}]}}