{"id":307,"date":"2023-08-08T14:41:04","date_gmt":"2023-08-08T14:41:04","guid":{"rendered":"http:\/\/boutique.solux.sn\/index.php\/produit\/black-hoodie\/"},"modified":"2025-07-03T10:53:48","modified_gmt":"2025-07-03T10:53:48","slug":"systeme-de-pompage-21m3-h","status":"publish","type":"product","link":"https:\/\/boutique.solux.sn\/index.php\/produit\/systeme-de-pompage-21m3-h\/","title":{"rendered":"Syst\u00e8me de pompage 21m3\/h"},"content":{"rendered":"\t\t<div data-elementor-type=\"wp-post\" data-elementor-id=\"307\" class=\"elementor elementor-307\">\n\t\t\t\t\t\t<section class=\"elementor-section elementor-top-section elementor-element elementor-element-ffe14b9 elementor-section-boxed elementor-section-height-default elementor-section-height-default\" data-id=\"ffe14b9\" data-element_type=\"section\">\n\t\t\t\t\t\t<div class=\"elementor-container elementor-column-gap-default\">\n\t\t\t\t\t<div class=\"elementor-column elementor-col-50 elementor-top-column elementor-element elementor-element-0ca3d68\" data-id=\"0ca3d68\" data-element_type=\"column\">\n\t\t\t<div class=\"elementor-widget-wrap elementor-element-populated\">\n\t\t\t\t\t\t<div class=\"elementor-element elementor-element-9be3530 elementor-widget elementor-widget-spacer\" data-id=\"9be3530\" data-element_type=\"widget\" data-widget_type=\"spacer.default\">\n\t\t\t\t<div class=\"elementor-widget-container\">\n\t\t\t\t\t\t\t<div class=\"elementor-spacer\">\n\t\t\t<div class=\"elementor-spacer-inner\"><\/div>\n\t\t<\/div>\n\t\t\t\t\t\t<\/div>\n\t\t\t\t<\/div>\n\t\t\t\t<div class=\"elementor-element elementor-element-6a2594e elementor-widget elementor-widget-heading\" data-id=\"6a2594e\" data-element_type=\"widget\" data-widget_type=\"heading.default\">\n\t\t\t\t<div class=\"elementor-widget-container\">\n\t\t\t\t\t<h5 class=\"elementor-heading-title elementor-size-default\">Personnalisez votre syst\u00e8me de Pompage<\/h5>\t\t\t\t<\/div>\n\t\t\t\t<\/div>\n\t\t\t\t<div class=\"elementor-element elementor-element-fe5052d elementor-widget elementor-widget-text-editor\" data-id=\"fe5052d\" data-element_type=\"widget\" data-widget_type=\"text-editor.default\">\n\t\t\t\t<div class=\"elementor-widget-container\">\n\t\t\t\t\t\t\t\t\t<p>Si ce syst\u00e8me de pompage ne correspond pas \u00e0 votre besoin r\u00e9el, veuillez remplir le formulaire\u00a0 ci-contre afin que nos experts vous fassent un dimensionnement gratuit conforme \u00e0 vos attentes. Apr\u00e8s remplissage, un technico-commercial prendra contact avec vous sous 24h maximum.<\/p>\t\t\t\t\t\t\t\t<\/div>\n\t\t\t\t<\/div>\n\t\t\t\t\t<\/div>\n\t\t<\/div>\n\t\t\t\t<div class=\"elementor-column elementor-col-50 elementor-top-column elementor-element elementor-element-8aeaa31\" data-id=\"8aeaa31\" data-element_type=\"column\">\n\t\t\t<div class=\"elementor-widget-wrap elementor-element-populated\">\n\t\t\t\t\t\t<div class=\"elementor-element elementor-element-2b973ac elementor-widget__width-initial elementor-widget elementor-widget-shortcode\" data-id=\"2b973ac\" data-element_type=\"widget\" data-widget_type=\"shortcode.default\">\n\t\t\t\t<div class=\"elementor-widget-container\">\n\t\t\t\t\t\t\t<div class=\"elementor-shortcode\"><div class=\"wpforms-container \" id=\"wpforms-5463\"><form id=\"wpforms-form-5463\" class=\"wpforms-validate wpforms-form\" data-formid=\"5463\" method=\"post\" enctype=\"multipart\/form-data\" action=\"\/index.php\/wp-json\/wp\/v2\/product\/307\" data-token=\"d744963f49d26993b327c3d874de4771\" data-token-time=\"1775561211\"><noscript class=\"wpforms-error-noscript\">Veuillez activer JavaScript dans votre navigateur pour remplir ce formulaire.<\/noscript><div class=\"wpforms-field-container\"><div id=\"wpforms-5463-field_0-container\" class=\"wpforms-field wpforms-field-name\" data-field-id=\"0\"><label class=\"wpforms-field-label wpforms-label-hide\" for=\"wpforms-5463-field_0\">Nom <span class=\"wpforms-required-label\">*<\/span><\/label><input type=\"text\" id=\"wpforms-5463-field_0\" class=\"wpforms-field-large wpforms-field-required\" name=\"wpforms[fields][0]\" placeholder=\"Nom\" required><\/div><div id=\"wpforms-5463-field_4-container\" class=\"wpforms-field wpforms-field-email\" data-field-id=\"4\"><label class=\"wpforms-field-label wpforms-label-hide\" for=\"wpforms-5463-field_4\">Adresse mail <span class=\"wpforms-required-label\">*<\/span><\/label><input type=\"email\" id=\"wpforms-5463-field_4\" class=\"wpforms-field-large wpforms-field-required\" name=\"wpforms[fields][4]\" placeholder=\"adresse mail\" spellcheck=\"false\" required><\/div><div id=\"wpforms-5463-field_5-container\" class=\"wpforms-field wpforms-field-text\" data-field-id=\"5\"><label class=\"wpforms-field-label wpforms-label-hide\" for=\"wpforms-5463-field_5\">T\u00e9l\u00e9phone <span class=\"wpforms-required-label\">*<\/span><\/label><input type=\"text\" id=\"wpforms-5463-field_5\" class=\"wpforms-field-large wpforms-field-required\" name=\"wpforms[fields][5]\" placeholder=\"T\u00e9l\u00e9phone\" required><\/div><div id=\"wpforms-5463-field_6-container\" class=\"wpforms-field wpforms-field-text\" data-field-id=\"6\"><label class=\"wpforms-field-label wpforms-label-hide\" for=\"wpforms-5463-field_6\">Source d&#039;eau <span class=\"wpforms-required-label\">*<\/span><\/label><input type=\"text\" id=\"wpforms-5463-field_6\" class=\"wpforms-field-large wpforms-field-required\" name=\"wpforms[fields][6]\" placeholder=\"Source d&#039;eau\" required><\/div><div id=\"wpforms-5463-field_9-container\" class=\"wpforms-field wpforms-field-text\" data-field-id=\"9\"><label class=\"wpforms-field-label wpforms-label-hide\" for=\"wpforms-5463-field_9\">Profondeur de la source d&#039;eau <span class=\"wpforms-required-label\">*<\/span><\/label><input type=\"text\" id=\"wpforms-5463-field_9\" class=\"wpforms-field-large wpforms-field-required\" name=\"wpforms[fields][9]\" placeholder=\"Profondeur de la source d&#039;eau\" required><\/div><div id=\"wpforms-5463-field_7-container\" class=\"wpforms-field wpforms-field-text\" data-field-id=\"7\"><label class=\"wpforms-field-label wpforms-label-hide\" for=\"wpforms-5463-field_7\">Lame d&#039;eau (hauteur de l&#039;eau) <span class=\"wpforms-required-label\">*<\/span><\/label><input type=\"text\" id=\"wpforms-5463-field_7\" class=\"wpforms-field-large wpforms-field-required\" name=\"wpforms[fields][7]\" placeholder=\"Lame d&#039;eau (hauteur de l&#039;eau)\" required><\/div><div id=\"wpforms-5463-field_8-container\" class=\"wpforms-field wpforms-field-text\" data-field-id=\"8\"><label class=\"wpforms-field-label wpforms-label-hide\" for=\"wpforms-5463-field_8\">Type d&#039;utilisation <span class=\"wpforms-required-label\">*<\/span><\/label><input type=\"text\" id=\"wpforms-5463-field_8\" class=\"wpforms-field-large wpforms-field-required\" name=\"wpforms[fields][8]\" placeholder=\"Type d&#039;utilisation\" required><\/div><div id=\"wpforms-5463-field_10-container\" class=\"wpforms-field wpforms-field-text\" data-field-id=\"10\"><label class=\"wpforms-field-label wpforms-label-hide\" for=\"wpforms-5463-field_10\">Type d&#039;arrosage <span class=\"wpforms-required-label\">*<\/span><\/label><input type=\"text\" id=\"wpforms-5463-field_10\" class=\"wpforms-field-large wpforms-field-required\" name=\"wpforms[fields][10]\" placeholder=\"Type d&#039;arrosage\" required><\/div><\/div><!-- .wpforms-field-container --><div class=\"wpforms-field wpforms-field-hp\"><label for=\"wpforms-5463-field-hp\" class=\"wpforms-field-label\">Name<\/label><input type=\"text\" name=\"wpforms[hp]\" id=\"wpforms-5463-field-hp\" class=\"wpforms-field-medium\"><\/div><div class=\"wpforms-submit-container\" ><input type=\"hidden\" name=\"wpforms[id]\" value=\"5463\"><input type=\"hidden\" name=\"page_title\" value=\"\"><input type=\"hidden\" name=\"page_url\" value=\"https:\/\/boutique.solux.sn\/index.php\/wp-json\/wp\/v2\/product\/307\"><input type=\"hidden\" name=\"url_referer\" value=\"\"><button type=\"submit\" name=\"wpforms[submit]\" id=\"wpforms-submit-5463\" class=\"wpforms-submit\" data-alt-text=\"Envoi...\" data-submit-text=\"Envoyer\" aria-live=\"assertive\" value=\"wpforms-submit\">Envoyer<\/button><\/div><\/form><\/div>  <!-- .wpforms-container --><\/div>\n\t\t\t\t\t\t<\/div>\n\t\t\t\t<\/div>\n\t\t\t\t\t<\/div>\n\t\t<\/div>\n\t\t\t\t\t<\/div>\n\t\t<\/section>\n\t\t\t\t<\/div>\n\t\t","protected":false},"excerpt":{"rendered":"<p>Ce syst\u00e8me de pompage a une capacit\u00e9 relativement \u00e9lev\u00e9e. Il est idoine pour les applications qui exigent un d\u00e9bit d&rsquo;eau important. On l&rsquo;utilise g\u00e9n\u00e9ralement pour l&rsquo;irrigation agricole \u00e0 grande \u00e9chelle (surface allant de 2ha \u00e0 5ha), l&rsquo;alimentation en eau des collectivit\u00e9s, les applications industrielles, des projets de distribution d&rsquo;eau importants et tout autre besoin en eau \u00e0 haut d\u00e9bit.<\/p>\n","protected":false},"featured_media":8669,"template":"elementor_theme","meta":{"_uag_custom_page_level_css":"","site-sidebar-layout":"no-sidebar","site-content-layout":"page-builder","ast-site-content-layout":"default","site-content-style":"default","site-sidebar-style":"unboxed","ast-global-header-display":"","ast-banner-title-visibility":"","ast-main-header-display":"","ast-hfb-above-header-display":"","ast-hfb-below-header-display":"","ast-hfb-mobile-header-display":"","site-post-title":"","ast-breadcrumbs-content":"","ast-featured-img":"","footer-sml-layout":"","theme-transparent-header-meta":"default","adv-header-id-meta":"","stick-header-meta":"default","header-above-stick-meta":"","header-main-stick-meta":"","header-below-stick-meta":"","astra-migrate-meta-layouts":"set","ast-page-background-enabled":"default","ast-page-background-meta":{"desktop":{"background-color":"","background-image":"","background-repeat":"repeat","background-position":"center center","background-size":"auto","background-attachment":"scroll","background-type":"","background-media":"","overlay-type":"","overlay-color":"","overlay-opacity":"","overlay-gradient":""},"tablet":{"background-color":"","background-image":"","background-repeat":"repeat","background-position":"center center","background-size":"auto","background-attachment":"scroll","background-type":"","background-media":"","overlay-type":"","overlay-color":"","overlay-opacity":"","overlay-gradient":""},"mobile":{"background-color":"","background-image":"","background-repeat":"repeat","background-position":"center center","background-size":"auto","background-attachment":"scroll","background-type":"","background-media":"","overlay-type":"","overlay-color":"","overlay-opacity":"","overlay-gradient":""}},"ast-content-background-meta":{"desktop":{"background-color":"var(--ast-global-color-5)","background-image":"","background-repeat":"repeat","background-position":"center center","background-size":"auto","background-attachment":"scroll","background-type":"","background-media":"","overlay-type":"","overlay-color":"","overlay-opacity":"","overlay-gradient":""},"tablet":{"background-color":"var(--ast-global-color-5)","background-image":"","background-repeat":"repeat","background-position":"center center","background-size":"auto","background-attachment":"scroll","background-type":"","background-media":"","overlay-type":"","overlay-color":"","overlay-opacity":"","overlay-gradient":""},"mobile":{"background-color":"var(--ast-global-color-5)","background-image":"","background-repeat":"repeat","background-position":"center center","background-size":"auto","background-attachment":"scroll","background-type":"","background-media":"","overlay-type":"","overlay-color":"","overlay-opacity":"","overlay-gradient":""}}},"product_brand":[],"product_cat":[125,63],"product_tag":[],"class_list":{"0":"post-307","1":"product","2":"type-product","3":"status-publish","4":"has-post-thumbnail","6":"product_cat-solaires","7":"product_cat-systemes-de-pompages-solaires","8":"desktop-align-left","9":"tablet-align-left","10":"mobile-align-left","11":"ast-product-gallery-layout-vertical","12":"ast-product-gallery-with-no-image","13":"ast-magnify-disabled","14":"ast-product-tabs-layout-accordion","15":"ast-qv-on-image","17":"first","18":"instock","19":"downloadable","20":"shipping-taxable","21":"product-type-simple"},"spectra_custom_meta":{"total_sales":["1222443"],"_tax_status":["taxable"],"_manage_stock":["no"],"_backorders":["no"],"_sold_individually":["no"],"_upsell_ids":["a:0:{}"],"_crosssell_ids":["a:0:{}"],"_default_attributes":["a:0:{}"],"_virtual":["no"],"_downloadable":["yes"],"_download_limit":["-1"],"_download_expiry":["-1"],"_stock_status":["instock"],"_product_version":["9.9.3"],"_price":[""],"_yoast_wpseo_primary_product_cat":["21"],"site-sidebar-layout":["no-sidebar"],"site-content-layout":["page-builder"],"stick-header-meta":["default"],"theme-transparent-header-meta":["default"],"_yoast_wpseo_content_score":["90"],"_wp_page_template":["elementor_theme"],"_thumbnail_id":["8669"],"_wp_old_slug":["black-jacket","pompe-5-5","pompe21m3-h"],"_elementor_edit_mode":["builder"],"_elementor_template_type":["wp-post"],"_elementor_version":["3.29.2"],"_elementor_data":["[{\"id\":\"ffe14b9\",\"elType\":\"section\",\"settings\":{\"structure\":\"20\",\"display_condition_list\":[{\"display_condition_login_status\":\"subscriber\",\"_id\":\"358c68f\"}]},\"elements\":[{\"id\":\"0ca3d68\",\"elType\":\"column\",\"settings\":{\"_column_size\":50,\"_inline_size\":45.152,\"display_condition_list\":[{\"display_condition_login_status\":\"subscriber\",\"_id\":\"d6a5f9a\"}]},\"elements\":[{\"id\":\"9be3530\",\"elType\":\"widget\",\"settings\":{\"space\":{\"unit\":\"px\",\"size\":10,\"sizes\":[]},\"display_condition_list\":[{\"display_condition_login_status\":\"subscriber\",\"_id\":\"2daf41b\"}]},\"elements\":[],\"widgetType\":\"spacer\"},{\"id\":\"6a2594e\",\"elType\":\"widget\",\"settings\":{\"title\":\"Personnalisez votre syst\\u00e8me de Pompage\",\"align\":\"center\",\"__globals__\":{\"title_color\":\"globals\\\/colors?id=astglobalcolor0\"},\"header_size\":\"h5\",\"typography_typography\":\"custom\",\"typography_font_size\":{\"unit\":\"px\",\"size\":20,\"sizes\":[]},\"typography_font_weight\":\"700\",\"display_condition_list\":[{\"display_condition_login_status\":\"subscriber\",\"_id\":\"e5c8f18\"}]},\"elements\":[],\"widgetType\":\"heading\"},{\"id\":\"fe5052d\",\"elType\":\"widget\",\"settings\":{\"editor\":\"<p>Si ce syst\\u00e8me de pompage ne correspond pas \\u00e0 votre besoin r\\u00e9el, veuillez remplir le formulaire\\u00a0 ci-contre afin que nos experts vous fassent un dimensionnement gratuit conforme \\u00e0 vos attentes. Apr\\u00e8s remplissage, un technico-commercial prendra contact avec vous sous 24h maximum.<\\\/p>\",\"align\":\"center\",\"typography_typography\":\"custom\",\"typography_font_size\":{\"unit\":\"px\",\"size\":12,\"sizes\":[]},\"display_condition_list\":[{\"display_condition_login_status\":\"subscriber\",\"_id\":\"e34c9e5\"}]},\"elements\":[],\"widgetType\":\"text-editor\"}],\"isInner\":false},{\"id\":\"8aeaa31\",\"elType\":\"column\",\"settings\":{\"_column_size\":50,\"_inline_size\":54.75,\"display_condition_list\":[{\"display_condition_login_status\":\"subscriber\",\"_id\":\"2ac74d3\"}]},\"elements\":[{\"id\":\"2b973ac\",\"elType\":\"widget\",\"settings\":{\"shortcode\":\"[wpforms id=\\\"5463\\\"]\",\"_element_width\":\"initial\",\"_element_custom_width\":{\"unit\":\"%\",\"size\":120.906},\"display_condition_list\":[{\"display_condition_login_status\":\"subscriber\",\"_id\":\"66ae10a\"}]},\"elements\":[],\"widgetType\":\"shortcode\"}],\"isInner\":false}],\"isInner\":false}]"],"_yoast_wpseo_estimated-reading-time-minutes":["2"],"_wxr_import_user_slug":["harshadd"],"_astra_sites_imported_post":["1"],"_astra_sites_enable_for_batch":["1"],"_astra_sites_hotlink_imported":["1"],"_edit_last":["2"],"_tax_class":[""],"_stock":[null],"_wc_average_rating":["0"],"_wc_review_count":["0"],"_edit_lock":["1751543274:2"],"_last_editor_used_jetpack":["classic-editor"],"_astra_content_layout_flag":["disabled"],"ast-title-bar-display":["disabled"],"cartflows_redirect_flow_id":[""],"cartflows_add_to_cart_text":[""],"ast-site-content-layout":["default"],"site-content-style":["default"],"site-sidebar-style":["unboxed"],"_sale_price":[""],"_elementor_controls_usage":["a:6:{s:6:\"column\";a:3:{s:5:\"count\";i:4;s:15:\"control_percent\";i:0;s:8:\"controls\";a:1:{s:6:\"layout\";a:1:{s:6:\"layout\";a:1:{s:12:\"_inline_size\";i:4;}}}}s:7:\"section\";a:3:{s:5:\"count\";i:3;s:15:\"control_percent\";i:0;s:8:\"controls\";a:1:{s:6:\"layout\";a:1:{s:17:\"section_structure\";a:1:{s:9:\"structure\";i:1;}}}}s:6:\"spacer\";a:3:{s:5:\"count\";i:2;s:15:\"control_percent\";i:0;s:8:\"controls\";a:1:{s:7:\"content\";a:1:{s:14:\"section_spacer\";a:1:{s:5:\"space\";i:2;}}}}s:7:\"heading\";a:3:{s:5:\"count\";i:1;s:15:\"control_percent\";i:1;s:8:\"controls\";a:2:{s:7:\"content\";a:1:{s:13:\"section_title\";a:2:{s:5:\"title\";i:1;s:11:\"header_size\";i:1;}}s:5:\"style\";a:1:{s:19:\"section_title_style\";a:2:{s:5:\"align\";i:1;s:21:\"typography_typography\";i:1;}}}}s:11:\"text-editor\";a:3:{s:5:\"count\";i:1;s:15:\"control_percent\";i:1;s:8:\"controls\";a:2:{s:7:\"content\";a:1:{s:14:\"section_editor\";a:1:{s:6:\"editor\";i:1;}}s:5:\"style\";a:1:{s:13:\"section_style\";a:2:{s:5:\"align\";i:1;s:21:\"typography_typography\";i:1;}}}}s:9:\"shortcode\";a:3:{s:5:\"count\";i:1;s:15:\"control_percent\";i:1;s:8:\"controls\";a:2:{s:7:\"content\";a:1:{s:17:\"section_shortcode\";a:1:{s:9:\"shortcode\";i:1;}}s:8:\"advanced\";a:1:{s:14:\"_section_style\";a:2:{s:14:\"_element_width\";i:1;s:21:\"_element_custom_width\";i:1;}}}}}"],"astra-migrate-meta-layouts":["set"],"_uag_page_assets":["a:9:{s:3:\"css\";s:263:\".uag-blocks-common-selector{z-index:var(--z-index-desktop) !important}@media (max-width: 976px){.uag-blocks-common-selector{z-index:var(--z-index-tablet) !important}}@media (max-width: 767px){.uag-blocks-common-selector{z-index:var(--z-index-mobile) !important}}\n\";s:2:\"js\";s:0:\"\";s:18:\"current_block_list\";a:15:{i:0;s:11:\"core\/search\";i:1;s:10:\"core\/group\";i:2;s:12:\"core\/heading\";i:3;s:17:\"core\/latest-posts\";i:4;s:20:\"core\/latest-comments\";i:5;s:13:\"core\/archives\";i:6;s:15:\"core\/categories\";i:7;s:26:\"woocommerce\/product-search\";i:8;s:17:\"core\/widget-group\";i:9;s:30:\"woocommerce\/product-categories\";i:10;s:10:\"core\/image\";i:11;s:14:\"core\/separator\";i:12;s:14:\"core\/paragraph\";i:13;s:9:\"core\/list\";i:14;s:14:\"core\/list-item\";}s:8:\"uag_flag\";b:0;s:11:\"uag_version\";s:10:\"1767185035\";s:6:\"gfonts\";a:0:{}s:10:\"gfonts_url\";s:0:\"\";s:12:\"gfonts_files\";a:0:{}s:14:\"uag_faq_layout\";b:0;}"],"_elementor_page_assets":["a:2:{s:6:\"styles\";a:2:{i:0;s:13:\"widget-spacer\";i:1;s:14:\"widget-heading\";}s:7:\"scripts\";a:1:{i:0;s:18:\"elementor-frontend\";}}"],"_elementor_css":["a:6:{s:4:\"time\";i:1752854407;s:5:\"fonts\";a:0:{}s:5:\"icons\";a:0:{}s:20:\"dynamic_elements_ids\";a:0:{}s:6:\"status\";s:4:\"file\";i:0;s:0:\"\";}"],"_uag_css_file_name":["uag-css-307.css"]},"uagb_featured_image_src":{"full":["https:\/\/boutique.solux.sn\/wp-content\/uploads\/2023\/08\/Frame_1038-removebg-preview.png",500,500,false],"thumbnail":["https:\/\/boutique.solux.sn\/wp-content\/uploads\/2023\/08\/Frame_1038-removebg-preview-150x150.png",150,150,true],"medium":["https:\/\/boutique.solux.sn\/wp-content\/uploads\/2023\/08\/Frame_1038-removebg-preview-300x300.png",300,300,true],"medium_large":["https:\/\/boutique.solux.sn\/wp-content\/uploads\/2023\/08\/Frame_1038-removebg-preview.png",500,500,false],"large":["https:\/\/boutique.solux.sn\/wp-content\/uploads\/2023\/08\/Frame_1038-removebg-preview.png",500,500,false],"1536x1536":["https:\/\/boutique.solux.sn\/wp-content\/uploads\/2023\/08\/Frame_1038-removebg-preview.png",500,500,false],"2048x2048":["https:\/\/boutique.solux.sn\/wp-content\/uploads\/2023\/08\/Frame_1038-removebg-preview.png",500,500,false],"woocommerce_thumbnail":["https:\/\/boutique.solux.sn\/wp-content\/uploads\/2023\/08\/Frame_1038-removebg-preview.png",500,500,false],"woocommerce_single":["https:\/\/boutique.solux.sn\/wp-content\/uploads\/2023\/08\/Frame_1038-removebg-preview.png",500,500,false],"woocommerce_gallery_thumbnail":["https:\/\/boutique.solux.sn\/wp-content\/uploads\/2023\/08\/Frame_1038-removebg-preview-100x100.png",100,100,true]},"uagb_author_info":{"display_name":"adminsolux","author_link":"https:\/\/boutique.solux.sn\/index.php\/author\/"},"uagb_comment_info":0,"uagb_excerpt":"Ce syst\u00e8me de pompage a une capacit\u00e9 relativement \u00e9lev\u00e9e. Il est idoine pour les applications qui exigent un d\u00e9bit d'eau important. On l'utilise g\u00e9n\u00e9ralement pour l'irrigation agricole \u00e0 grande \u00e9chelle (surface allant de 2ha \u00e0 5ha), l'alimentation en eau des collectivit\u00e9s, les applications industrielles, des projets de distribution d'eau importants et tout autre besoin en\u2026","_links":{"self":[{"href":"https:\/\/boutique.solux.sn\/index.php\/wp-json\/wp\/v2\/product\/307","targetHints":{"allow":["GET"]}}],"collection":[{"href":"https:\/\/boutique.solux.sn\/index.php\/wp-json\/wp\/v2\/product"}],"about":[{"href":"https:\/\/boutique.solux.sn\/index.php\/wp-json\/wp\/v2\/types\/product"}],"version-history":[{"count":49,"href":"https:\/\/boutique.solux.sn\/index.php\/wp-json\/wp\/v2\/product\/307\/revisions"}],"predecessor-version":[{"id":8795,"href":"https:\/\/boutique.solux.sn\/index.php\/wp-json\/wp\/v2\/product\/307\/revisions\/8795"}],"wp:featuredmedia":[{"embeddable":true,"href":"https:\/\/boutique.solux.sn\/index.php\/wp-json\/wp\/v2\/media\/8669"}],"wp:attachment":[{"href":"https:\/\/boutique.solux.sn\/index.php\/wp-json\/wp\/v2\/media?parent=307"}],"wp:term":[{"taxonomy":"product_brand","embeddable":true,"href":"https:\/\/boutique.solux.sn\/index.php\/wp-json\/wp\/v2\/product_brand?post=307"},{"taxonomy":"product_cat","embeddable":true,"href":"https:\/\/boutique.solux.sn\/index.php\/wp-json\/wp\/v2\/product_cat?post=307"},{"taxonomy":"product_tag","embeddable":true,"href":"https:\/\/boutique.solux.sn\/index.php\/wp-json\/wp\/v2\/product_tag?post=307"}],"curies":[{"name":"wp","href":"https:\/\/api.w.org\/{rel}","templated":true}]}}